{"id":15040,"date":"2025-11-25T15:57:36","date_gmt":"2025-11-25T14:57:36","guid":{"rendered":"https:\/\/www.hirtenberg-apotheke.at\/katalog\/produkt\/bio-h-tin-system-haarkur-150-ml-1-stk\/"},"modified":"2025-11-25T15:57:42","modified_gmt":"2025-11-25T14:57:42","slug":"bio-h-tin-system-haarkur-150-ml-1-stk","status":"publish","type":"product","link":"https:\/\/www.hirtenberg-apotheke.at\/katalog\/produkt\/bio-h-tin-system-haarkur-150-ml-1-stk\/","title":{"rendered":"Bio-h-tin System Haarkur 150 ml 1 Stk."},"content":{"rendered":"<p>Bio-h-tin System Haarkur spendet dem Haar genau die Pflegestoffe, die es braucht, um attraktiv und gesund zu wirken. Dazu ist sie nach einem Baukastenprinzip mit 3 Komponenten aufgebaut: Grundl\u00f6sung, Protein-Konzentrat und Vitamin-Konzentrat. Proteine verleihen dem Haar mehr Stand und Festigkeit, damit Ihre Frisur perfekt sitzt. Vitamine sorgen f\u00fcr sch\u00f6nen Glanz und verbessern die K\u00e4mmbarkeit.<\/p>\n","protected":false},"excerpt":{"rendered":"<p>Bio-h-tin System Haarkur spendet dem Haar genau die Pflegestoffe, die es braucht, um attraktiv und gesund zu wirken. Dazu ist sie nach einem Baukastenprinzip mit 3 Komponenten aufgebaut: Grundl\u00f6sung, Protein-Konzentrat und Vitamin-Konzentrat. Proteine verleihen dem Haar mehr Stand und Festigkeit, damit Ihre Frisur perfekt sitzt. Vitamine sorgen f\u00fcr sch\u00f6nen Glanz und verbessern die K\u00e4mmbarkeit.<\/p>\n","protected":false},"featured_media":15042,"template":"","meta":{"_acf_changed":false},"product_brand":[624],"product_cat":[292],"product_tag":[],"class_list":{"0":"post-15040","1":"product","2":"type-product","3":"status-publish","4":"has-post-thumbnail","6":"product_brand-bio-h-tin","7":"product_cat-b","8":"pa_packungsgroesse-482","10":"first","11":"instock","12":"shipping-taxable","13":"purchasable","14":"product-type-simple"},"acf":[],"_links":{"self":[{"href":"https:\/\/www.hirtenberg-apotheke.at\/katalog\/wp-json\/wp\/v2\/product\/15040","targetHints":{"allow":["GET"]}}],"collection":[{"href":"https:\/\/www.hirtenberg-apotheke.at\/katalog\/wp-json\/wp\/v2\/product"}],"about":[{"href":"https:\/\/www.hirtenberg-apotheke.at\/katalog\/wp-json\/wp\/v2\/types\/product"}],"wp:featuredmedia":[{"embeddable":true,"href":"https:\/\/www.hirtenberg-apotheke.at\/katalog\/wp-json\/wp\/v2\/media\/15042"}],"wp:attachment":[{"href":"https:\/\/www.hirtenberg-apotheke.at\/katalog\/wp-json\/wp\/v2\/media?parent=15040"}],"wp:term":[{"taxonomy":"product_brand","embeddable":true,"href":"https:\/\/www.hirtenberg-apotheke.at\/katalog\/wp-json\/wp\/v2\/product_brand?post=15040"},{"taxonomy":"product_cat","embeddable":true,"href":"https:\/\/www.hirtenberg-apotheke.at\/katalog\/wp-json\/wp\/v2\/product_cat?post=15040"},{"taxonomy":"product_tag","embeddable":true,"href":"https:\/\/www.hirtenberg-apotheke.at\/katalog\/wp-json\/wp\/v2\/product_tag?post=15040"}],"curies":[{"name":"wp","href":"https:\/\/api.w.org\/{rel}","templated":true}]}}