{"id":15081,"date":"2025-11-25T15:58:10","date_gmt":"2025-11-25T14:58:10","guid":{"rendered":"https:\/\/www.hirtenberg-apotheke.at\/katalog\/produkt\/medobiotin-tabletten-90-stk\/"},"modified":"2025-11-25T15:58:12","modified_gmt":"2025-11-25T14:58:12","slug":"medobiotin-tabletten-90-stk","status":"publish","type":"product","link":"https:\/\/www.hirtenberg-apotheke.at\/katalog\/produkt\/medobiotin-tabletten-90-stk\/","title":{"rendered":"Medobiotin Tabletten 90 Stk."},"content":{"rendered":"<p>Medobiotin Tabletten sind ein Vitaminpr\u00e4parat. Biotin, auch als Vitamin B7 oder Vitamin H bezeichnet, ist ein wasserl\u00f6sliches Vitamin und geh\u00f6rt zu den Vitaminen der B-Gruppe und spielt eine wichtige Rolle bei Stoffwechselprozessen (Kohlenhydrat-, Fett-, und Eiwei\u00dfstoffwechsel).<\/p>\n","protected":false},"excerpt":{"rendered":"<p>Medobiotin Tabletten sind ein Vitaminpr\u00e4parat. Biotin, auch als Vitamin B7 oder Vitamin H bezeichnet, ist ein wasserl\u00f6sliches Vitamin und geh\u00f6rt zu den Vitaminen der B-Gruppe und spielt eine wichtige Rolle bei Stoffwechselprozessen (Kohlenhydrat-, Fett-, und Eiwei\u00dfstoffwechsel).<\/p>\n","protected":false},"featured_media":15083,"template":"","meta":{"_acf_changed":false},"product_brand":[],"product_cat":[308],"product_tag":[],"class_list":{"0":"post-15081","1":"product","2":"type-product","3":"status-publish","4":"has-post-thumbnail","6":"product_cat-m","7":"pa_packungsgroesse-90-stueck","9":"first","10":"instock","11":"shipping-taxable","12":"purchasable","13":"product-type-simple"},"acf":[],"_links":{"self":[{"href":"https:\/\/www.hirtenberg-apotheke.at\/katalog\/wp-json\/wp\/v2\/product\/15081","targetHints":{"allow":["GET"]}}],"collection":[{"href":"https:\/\/www.hirtenberg-apotheke.at\/katalog\/wp-json\/wp\/v2\/product"}],"about":[{"href":"https:\/\/www.hirtenberg-apotheke.at\/katalog\/wp-json\/wp\/v2\/types\/product"}],"wp:featuredmedia":[{"embeddable":true,"href":"https:\/\/www.hirtenberg-apotheke.at\/katalog\/wp-json\/wp\/v2\/media\/15083"}],"wp:attachment":[{"href":"https:\/\/www.hirtenberg-apotheke.at\/katalog\/wp-json\/wp\/v2\/media?parent=15081"}],"wp:term":[{"taxonomy":"product_brand","embeddable":true,"href":"https:\/\/www.hirtenberg-apotheke.at\/katalog\/wp-json\/wp\/v2\/product_brand?post=15081"},{"taxonomy":"product_cat","embeddable":true,"href":"https:\/\/www.hirtenberg-apotheke.at\/katalog\/wp-json\/wp\/v2\/product_cat?post=15081"},{"taxonomy":"product_tag","embeddable":true,"href":"https:\/\/www.hirtenberg-apotheke.at\/katalog\/wp-json\/wp\/v2\/product_tag?post=15081"}],"curies":[{"name":"wp","href":"https:\/\/api.w.org\/{rel}","templated":true}]}}