{"id":15107,"date":"2025-11-25T15:58:10","date_gmt":"2025-11-25T14:58:10","guid":{"rendered":"https:\/\/www.hirtenberg-apotheke.at\/katalog\/produkt\/burgerstein-hair-nails-tabletten-90-stk\/"},"modified":"2025-11-25T15:58:28","modified_gmt":"2025-11-25T14:58:28","slug":"burgerstein-hair-nails-tabletten-90-stk","status":"publish","type":"product","link":"https:\/\/www.hirtenberg-apotheke.at\/katalog\/produkt\/burgerstein-hair-nails-tabletten-90-stk\/","title":{"rendered":"Burgerstein Hair &#038; Nails Tabletten 90 Stk."},"content":{"rendered":"<p>Burgerstein Tabletten Hair &#038; Nails verleiht dem Haar Spannkraft und Lebendigkeit und f\u00f6rdert die St\u00e4rke und Widerstandskraft von N\u00e4geln.<\/p>\n","protected":false},"excerpt":{"rendered":"<p>Burgerstein Tabletten Hair &#038; Nails verleiht dem Haar Spannkraft und Lebendigkeit und f\u00f6rdert die St\u00e4rke und Widerstandskraft von N\u00e4geln.<\/p>\n","protected":false},"featured_media":0,"template":"","meta":{"_acf_changed":false},"product_brand":[422],"product_cat":[292],"product_tag":[],"class_list":{"0":"post-15107","1":"product","2":"type-product","3":"status-publish","5":"product_brand-burgerstein","6":"product_cat-b","7":"pa_packungsgroesse-90-stueck","9":"first","10":"instock","11":"shipping-taxable","12":"purchasable","13":"product-type-simple"},"acf":[],"_links":{"self":[{"href":"https:\/\/www.hirtenberg-apotheke.at\/katalog\/wp-json\/wp\/v2\/product\/15107","targetHints":{"allow":["GET"]}}],"collection":[{"href":"https:\/\/www.hirtenberg-apotheke.at\/katalog\/wp-json\/wp\/v2\/product"}],"about":[{"href":"https:\/\/www.hirtenberg-apotheke.at\/katalog\/wp-json\/wp\/v2\/types\/product"}],"wp:attachment":[{"href":"https:\/\/www.hirtenberg-apotheke.at\/katalog\/wp-json\/wp\/v2\/media?parent=15107"}],"wp:term":[{"taxonomy":"product_brand","embeddable":true,"href":"https:\/\/www.hirtenberg-apotheke.at\/katalog\/wp-json\/wp\/v2\/product_brand?post=15107"},{"taxonomy":"product_cat","embeddable":true,"href":"https:\/\/www.hirtenberg-apotheke.at\/katalog\/wp-json\/wp\/v2\/product_cat?post=15107"},{"taxonomy":"product_tag","embeddable":true,"href":"https:\/\/www.hirtenberg-apotheke.at\/katalog\/wp-json\/wp\/v2\/product_tag?post=15107"}],"curies":[{"name":"wp","href":"https:\/\/api.w.org\/{rel}","templated":true}]}}