{"id":15109,"date":"2025-11-25T15:58:10","date_gmt":"2025-11-25T14:58:10","guid":{"rendered":"https:\/\/www.hirtenberg-apotheke.at\/katalog\/produkt\/vitality-reine-bierhefe-250-g\/"},"modified":"2025-11-25T15:58:29","modified_gmt":"2025-11-25T14:58:29","slug":"vitality-reine-bierhefe-250-g","status":"publish","type":"product","link":"https:\/\/www.hirtenberg-apotheke.at\/katalog\/produkt\/vitality-reine-bierhefe-250-g\/","title":{"rendered":"Vitality Reine Bierhefe 250 g"},"content":{"rendered":"<p>Vitality Reine Bierhefe wird aus einer Hefe gewonnen, die auch beim Brauen von Bier Verwendung findet. Das reine Naturprodukt enth\u00e4lt neben Mineralstoffen eine gro\u00dfe Menge an B-Vitaminen. Bierhefe wird zum W\u00fcrzen und Binden verwendet.<\/p>\n","protected":false},"excerpt":{"rendered":"<p>Vitality Reine Bierhefe wird aus einer Hefe gewonnen, die auch beim Brauen von Bier Verwendung findet. Das reine Naturprodukt enth\u00e4lt neben Mineralstoffen eine gro\u00dfe Menge an B-Vitaminen. Bierhefe wird zum W\u00fcrzen und Binden verwendet.<\/p>\n","protected":false},"featured_media":15111,"template":"","meta":{"_acf_changed":false},"product_brand":[],"product_cat":[300],"product_tag":[],"class_list":{"0":"post-15109","1":"product","2":"type-product","3":"status-publish","4":"has-post-thumbnail","6":"product_cat-v","7":"pa_packungsgroesse-250g","9":"first","10":"instock","11":"shipping-taxable","12":"purchasable","13":"product-type-simple"},"acf":[],"_links":{"self":[{"href":"https:\/\/www.hirtenberg-apotheke.at\/katalog\/wp-json\/wp\/v2\/product\/15109","targetHints":{"allow":["GET"]}}],"collection":[{"href":"https:\/\/www.hirtenberg-apotheke.at\/katalog\/wp-json\/wp\/v2\/product"}],"about":[{"href":"https:\/\/www.hirtenberg-apotheke.at\/katalog\/wp-json\/wp\/v2\/types\/product"}],"wp:featuredmedia":[{"embeddable":true,"href":"https:\/\/www.hirtenberg-apotheke.at\/katalog\/wp-json\/wp\/v2\/media\/15111"}],"wp:attachment":[{"href":"https:\/\/www.hirtenberg-apotheke.at\/katalog\/wp-json\/wp\/v2\/media?parent=15109"}],"wp:term":[{"taxonomy":"product_brand","embeddable":true,"href":"https:\/\/www.hirtenberg-apotheke.at\/katalog\/wp-json\/wp\/v2\/product_brand?post=15109"},{"taxonomy":"product_cat","embeddable":true,"href":"https:\/\/www.hirtenberg-apotheke.at\/katalog\/wp-json\/wp\/v2\/product_cat?post=15109"},{"taxonomy":"product_tag","embeddable":true,"href":"https:\/\/www.hirtenberg-apotheke.at\/katalog\/wp-json\/wp\/v2\/product_tag?post=15109"}],"curies":[{"name":"wp","href":"https:\/\/api.w.org\/{rel}","templated":true}]}}