{"id":15130,"date":"2025-11-25T15:58:31","date_gmt":"2025-11-25T14:58:31","guid":{"rendered":"https:\/\/www.hirtenberg-apotheke.at\/katalog\/produkt\/hafesan-hefe-370-mg-kapseln\/"},"modified":"2025-11-25T15:58:45","modified_gmt":"2025-11-25T14:58:45","slug":"hafesan-hefe-370-mg-kapseln","status":"publish","type":"product","link":"https:\/\/www.hirtenberg-apotheke.at\/katalog\/produkt\/hafesan-hefe-370-mg-kapseln\/","title":{"rendered":"Hafesan Hefe 370 mg Kapseln"},"content":{"rendered":"<p>Hafesan\u00ae Hefe Kapseln k\u00f6nnen einen positiven Beitrag zu seidiger und reiner Haut, aber auch zu f\u00fclligem Haar sowie festen Fingern\u00e4geln leisten.<\/p>\n","protected":false},"excerpt":{"rendered":"<p>Hafesan\u00ae Hefe Kapseln k\u00f6nnen einen positiven Beitrag zu seidiger und reiner Haut, aber auch zu f\u00fclligem Haar sowie festen Fingern\u00e4geln leisten.<\/p>\n","protected":false},"featured_media":0,"template":"","meta":{"_acf_changed":false},"product_brand":[329],"product_cat":[330],"product_tag":[],"class_list":{"0":"post-15130","1":"product","2":"type-product","3":"status-publish","5":"product_brand-hafesan","6":"product_cat-h","7":"pa_packungsgroesse-75-stueck","9":"first","10":"instock","11":"shipping-taxable","12":"purchasable","13":"product-type-simple"},"acf":[],"_links":{"self":[{"href":"https:\/\/www.hirtenberg-apotheke.at\/katalog\/wp-json\/wp\/v2\/product\/15130","targetHints":{"allow":["GET"]}}],"collection":[{"href":"https:\/\/www.hirtenberg-apotheke.at\/katalog\/wp-json\/wp\/v2\/product"}],"about":[{"href":"https:\/\/www.hirtenberg-apotheke.at\/katalog\/wp-json\/wp\/v2\/types\/product"}],"wp:attachment":[{"href":"https:\/\/www.hirtenberg-apotheke.at\/katalog\/wp-json\/wp\/v2\/media?parent=15130"}],"wp:term":[{"taxonomy":"product_brand","embeddable":true,"href":"https:\/\/www.hirtenberg-apotheke.at\/katalog\/wp-json\/wp\/v2\/product_brand?post=15130"},{"taxonomy":"product_cat","embeddable":true,"href":"https:\/\/www.hirtenberg-apotheke.at\/katalog\/wp-json\/wp\/v2\/product_cat?post=15130"},{"taxonomy":"product_tag","embeddable":true,"href":"https:\/\/www.hirtenberg-apotheke.at\/katalog\/wp-json\/wp\/v2\/product_tag?post=15130"}],"curies":[{"name":"wp","href":"https:\/\/api.w.org\/{rel}","templated":true}]}}