{"id":15132,"date":"2025-11-25T15:58:31","date_gmt":"2025-11-25T14:58:31","guid":{"rendered":"https:\/\/www.hirtenberg-apotheke.at\/katalog\/produkt\/espara-hyaluron-biotin-kapseln-30-stk\/"},"modified":"2025-11-25T15:58:46","modified_gmt":"2025-11-25T14:58:46","slug":"espara-hyaluron-biotin-kapseln-30-stk","status":"publish","type":"product","link":"https:\/\/www.hirtenberg-apotheke.at\/katalog\/produkt\/espara-hyaluron-biotin-kapseln-30-stk\/","title":{"rendered":"Espara Hyaluron-Biotin Kapseln 30 Stk."},"content":{"rendered":"<p>Espara Hyaluron-Biotin Kapseln sind ein Nahrungserg\u00e4nzungsmittel mit Bambus, Granatapfel, Hyalurons\u00e4ure, Vitaminen und Mineralstoffen. Hyalurons\u00e4ure ist ein wichtiger Baustein des Bindegewebes. Zink tr\u00e4gt zur Erhaltung normaler Haare, Haut und N\u00e4gel bei und sch\u00fctzt die Zellen, wie auch Vitamin E und B2 vor oxidativem Stress. Auch Biotin und Vitamin B2 tragen zur Erhaltung normaler Haut, Schleimh\u00e4ute und Haare bei.<\/p>\n","protected":false},"excerpt":{"rendered":"<p>Espara Hyaluron-Biotin Kapseln sind ein Nahrungserg\u00e4nzungsmittel mit Bambus, Granatapfel, Hyalurons\u00e4ure, Vitaminen und Mineralstoffen. Hyalurons\u00e4ure ist ein wichtiger Baustein des Bindegewebes. Zink tr\u00e4gt zur Erhaltung normaler Haare, Haut und N\u00e4gel bei und sch\u00fctzt die Zellen, wie auch Vitamin E und B2 vor oxidativem Stress. Auch Biotin und Vitamin B2 tragen zur Erhaltung normaler Haut, Schleimh\u00e4ute und [&hellip;]<\/p>\n","protected":false},"featured_media":15134,"template":"","meta":{"_acf_changed":false},"product_brand":[341],"product_cat":[307],"product_tag":[],"class_list":{"0":"post-15132","1":"product","2":"type-product","3":"status-publish","4":"has-post-thumbnail","6":"product_brand-espara","7":"product_cat-e","8":"pa_packungsgroesse-30-stueck","10":"first","11":"instock","12":"shipping-taxable","13":"purchasable","14":"product-type-simple"},"acf":[],"_links":{"self":[{"href":"https:\/\/www.hirtenberg-apotheke.at\/katalog\/wp-json\/wp\/v2\/product\/15132","targetHints":{"allow":["GET"]}}],"collection":[{"href":"https:\/\/www.hirtenberg-apotheke.at\/katalog\/wp-json\/wp\/v2\/product"}],"about":[{"href":"https:\/\/www.hirtenberg-apotheke.at\/katalog\/wp-json\/wp\/v2\/types\/product"}],"wp:featuredmedia":[{"embeddable":true,"href":"https:\/\/www.hirtenberg-apotheke.at\/katalog\/wp-json\/wp\/v2\/media\/15134"}],"wp:attachment":[{"href":"https:\/\/www.hirtenberg-apotheke.at\/katalog\/wp-json\/wp\/v2\/media?parent=15132"}],"wp:term":[{"taxonomy":"product_brand","embeddable":true,"href":"https:\/\/www.hirtenberg-apotheke.at\/katalog\/wp-json\/wp\/v2\/product_brand?post=15132"},{"taxonomy":"product_cat","embeddable":true,"href":"https:\/\/www.hirtenberg-apotheke.at\/katalog\/wp-json\/wp\/v2\/product_cat?post=15132"},{"taxonomy":"product_tag","embeddable":true,"href":"https:\/\/www.hirtenberg-apotheke.at\/katalog\/wp-json\/wp\/v2\/product_tag?post=15132"}],"curies":[{"name":"wp","href":"https:\/\/api.w.org\/{rel}","templated":true}]}}