{"id":15147,"date":"2025-11-25T15:58:57","date_gmt":"2025-11-25T14:58:57","guid":{"rendered":"https:\/\/www.hirtenberg-apotheke.at\/katalog\/produkt\/hyaluron-100mg-kapseln\/"},"modified":"2025-11-25T15:59:26","modified_gmt":"2025-11-25T14:59:26","slug":"hyaluron-100mg-kapseln","status":"publish","type":"product","link":"https:\/\/www.hirtenberg-apotheke.at\/katalog\/produkt\/hyaluron-100mg-kapseln\/","title":{"rendered":"Hyaluron 100mg Kapseln"},"content":{"rendered":"<p>Gall Pharma Hyaluron Kapseln 60 Stk. enthalten 100 mg Hyalurons\u00e4ure und unterst\u00fctzen die Gesunderhaltung und Beweglichkeit der Gelenke sowie die Regeneration des Hautbildes. Diese auch nat\u00fcrlich im K\u00f6rper vorkommende \u201eAnti-Aging-Substanz\u201c hat ein hohes Wasserbindungsverm\u00f6gen und stellt einen guten Feuchtigkeitsspender dar um f\u00fcr ein frisches Hautbild von innen heraus zu sorgen.<\/p>\n","protected":false},"excerpt":{"rendered":"<p>Gall Pharma Hyaluron Kapseln 60 Stk. enthalten 100 mg Hyalurons\u00e4ure und unterst\u00fctzen die Gesunderhaltung und Beweglichkeit der Gelenke sowie die Regeneration des Hautbildes. Diese auch nat\u00fcrlich im K\u00f6rper vorkommende \u201eAnti-Aging-Substanz\u201c hat ein hohes Wasserbindungsverm\u00f6gen und stellt einen guten Feuchtigkeitsspender dar um f\u00fcr ein frisches Hautbild von innen heraus zu sorgen.<\/p>\n","protected":false},"featured_media":15149,"template":"","meta":{"_acf_changed":false},"product_brand":[316],"product_cat":[330],"product_tag":[],"class_list":{"0":"post-15147","1":"product","2":"type-product","3":"status-publish","4":"has-post-thumbnail","6":"product_brand-gall-pharma","7":"product_cat-h","8":"pa_packungsgroesse-30-stueck","9":"pa_packungsgroesse-60-stueck","10":"pa_packungsgroesse-90-stueck","12":"first","13":"instock","14":"shipping-taxable","15":"purchasable","16":"product-type-simple"},"acf":[],"_links":{"self":[{"href":"https:\/\/www.hirtenberg-apotheke.at\/katalog\/wp-json\/wp\/v2\/product\/15147","targetHints":{"allow":["GET"]}}],"collection":[{"href":"https:\/\/www.hirtenberg-apotheke.at\/katalog\/wp-json\/wp\/v2\/product"}],"about":[{"href":"https:\/\/www.hirtenberg-apotheke.at\/katalog\/wp-json\/wp\/v2\/types\/product"}],"wp:featuredmedia":[{"embeddable":true,"href":"https:\/\/www.hirtenberg-apotheke.at\/katalog\/wp-json\/wp\/v2\/media\/15149"}],"wp:attachment":[{"href":"https:\/\/www.hirtenberg-apotheke.at\/katalog\/wp-json\/wp\/v2\/media?parent=15147"}],"wp:term":[{"taxonomy":"product_brand","embeddable":true,"href":"https:\/\/www.hirtenberg-apotheke.at\/katalog\/wp-json\/wp\/v2\/product_brand?post=15147"},{"taxonomy":"product_cat","embeddable":true,"href":"https:\/\/www.hirtenberg-apotheke.at\/katalog\/wp-json\/wp\/v2\/product_cat?post=15147"},{"taxonomy":"product_tag","embeddable":true,"href":"https:\/\/www.hirtenberg-apotheke.at\/katalog\/wp-json\/wp\/v2\/product_tag?post=15147"}],"curies":[{"name":"wp","href":"https:\/\/api.w.org\/{rel}","templated":true}]}}