{"id":15167,"date":"2025-11-25T15:58:57","date_gmt":"2025-11-25T14:58:57","guid":{"rendered":"https:\/\/www.hirtenberg-apotheke.at\/katalog\/produkt\/gelacet-pulver-biotin-beutel-21-stk\/"},"modified":"2025-11-25T15:59:17","modified_gmt":"2025-11-25T14:59:17","slug":"gelacet-pulver-biotin-beutel-21-stk","status":"publish","type":"product","link":"https:\/\/www.hirtenberg-apotheke.at\/katalog\/produkt\/gelacet-pulver-biotin-beutel-21-stk\/","title":{"rendered":"Gelacet Pulver + Biotin Beutel 21 Stk."},"content":{"rendered":"<p>Gelacet Pulver + Biotin Beutel sorgt f\u00fcr eine angemessene Zufuhr von Biotin, welches eine gro\u00dfe Rolle f\u00fcr Haare, Haut und N\u00e4gel spielt. Es f\u00f6rdert das Wachstum von Zellen und sch\u00fctzt diese vor \u00e4u\u00dferen Einfl\u00fcssen.<\/p>\n","protected":false},"excerpt":{"rendered":"<p>Gelacet Pulver + Biotin Beutel sorgt f\u00fcr eine angemessene Zufuhr von Biotin, welches eine gro\u00dfe Rolle f\u00fcr Haare, Haut und N\u00e4gel spielt. Es f\u00f6rdert das Wachstum von Zellen und sch\u00fctzt diese vor \u00e4u\u00dferen Einfl\u00fcssen.<\/p>\n","protected":false},"featured_media":15169,"template":"","meta":{"_acf_changed":false},"product_brand":[],"product_cat":[328],"product_tag":[],"class_list":{"0":"post-15167","1":"product","2":"type-product","3":"status-publish","4":"has-post-thumbnail","6":"product_cat-g","7":"pa_packungsgroesse-21-beutel","9":"first","10":"instock","11":"shipping-taxable","12":"purchasable","13":"product-type-simple"},"acf":[],"_links":{"self":[{"href":"https:\/\/www.hirtenberg-apotheke.at\/katalog\/wp-json\/wp\/v2\/product\/15167","targetHints":{"allow":["GET"]}}],"collection":[{"href":"https:\/\/www.hirtenberg-apotheke.at\/katalog\/wp-json\/wp\/v2\/product"}],"about":[{"href":"https:\/\/www.hirtenberg-apotheke.at\/katalog\/wp-json\/wp\/v2\/types\/product"}],"wp:featuredmedia":[{"embeddable":true,"href":"https:\/\/www.hirtenberg-apotheke.at\/katalog\/wp-json\/wp\/v2\/media\/15169"}],"wp:attachment":[{"href":"https:\/\/www.hirtenberg-apotheke.at\/katalog\/wp-json\/wp\/v2\/media?parent=15167"}],"wp:term":[{"taxonomy":"product_brand","embeddable":true,"href":"https:\/\/www.hirtenberg-apotheke.at\/katalog\/wp-json\/wp\/v2\/product_brand?post=15167"},{"taxonomy":"product_cat","embeddable":true,"href":"https:\/\/www.hirtenberg-apotheke.at\/katalog\/wp-json\/wp\/v2\/product_cat?post=15167"},{"taxonomy":"product_tag","embeddable":true,"href":"https:\/\/www.hirtenberg-apotheke.at\/katalog\/wp-json\/wp\/v2\/product_tag?post=15167"}],"curies":[{"name":"wp","href":"https:\/\/api.w.org\/{rel}","templated":true}]}}