{"id":15193,"date":"2025-11-25T15:59:20","date_gmt":"2025-11-25T14:59:20","guid":{"rendered":"https:\/\/www.hirtenberg-apotheke.at\/katalog\/produkt\/borretschoel-500mg-kapseln\/"},"modified":"2025-11-25T16:00:25","modified_gmt":"2025-11-25T15:00:25","slug":"borretschoel-500mg-kapseln","status":"publish","type":"product","link":"https:\/\/www.hirtenberg-apotheke.at\/katalog\/produkt\/borretschoel-500mg-kapseln\/","title":{"rendered":"Borretsch\u00f6l 500mg Kapseln"},"content":{"rendered":"<p>Gall Pharma Borretsch \u00d6l 500 mg Kapseln 90 Stk. enthalten 500 mg Borretsch\u00f6l und 15 mg Alpha-Tocopherol in einer Weichgelatinekapsel. Borretsch (Borrago officinalis) \u2013 auch Gurkenkraut oder Herzfreude genannt \u2013 ist ein sch\u00f6nbl\u00fchendes Sommergew\u00e4chs. Die Samen weisen einen hohen nat\u00fcrlichen Gehalt der Omega-6-Fetts\u00e4ure Gamma-Linolens\u00e4ure auf. Vitamin E tr\u00e4gt dazu bei, die Zellen vor oxidativem Stress zu sch\u00fctzen.<\/p>\n","protected":false},"excerpt":{"rendered":"<p>Gall Pharma Borretsch \u00d6l 500 mg Kapseln 90 Stk. enthalten 500 mg Borretsch\u00f6l und 15 mg Alpha-Tocopherol in einer Weichgelatinekapsel. Borretsch (Borrago officinalis) \u2013 auch Gurkenkraut oder Herzfreude genannt \u2013 ist ein sch\u00f6nbl\u00fchendes Sommergew\u00e4chs. Die Samen weisen einen hohen nat\u00fcrlichen Gehalt der Omega-6-Fetts\u00e4ure Gamma-Linolens\u00e4ure auf. Vitamin E tr\u00e4gt dazu bei, die Zellen vor oxidativem Stress [&hellip;]<\/p>\n","protected":false},"featured_media":0,"template":"","meta":{"_acf_changed":false},"product_brand":[316],"product_cat":[292],"product_tag":[],"class_list":{"0":"post-15193","1":"product","2":"type-product","3":"status-publish","5":"product_brand-gall-pharma","6":"product_cat-b","7":"pa_packungsgroesse-30-stueck","8":"pa_packungsgroesse-180-stueck","9":"pa_packungsgroesse-90-stueck","11":"first","12":"instock","13":"shipping-taxable","14":"purchasable","15":"product-type-simple"},"acf":[],"_links":{"self":[{"href":"https:\/\/www.hirtenberg-apotheke.at\/katalog\/wp-json\/wp\/v2\/product\/15193","targetHints":{"allow":["GET"]}}],"collection":[{"href":"https:\/\/www.hirtenberg-apotheke.at\/katalog\/wp-json\/wp\/v2\/product"}],"about":[{"href":"https:\/\/www.hirtenberg-apotheke.at\/katalog\/wp-json\/wp\/v2\/types\/product"}],"wp:attachment":[{"href":"https:\/\/www.hirtenberg-apotheke.at\/katalog\/wp-json\/wp\/v2\/media?parent=15193"}],"wp:term":[{"taxonomy":"product_brand","embeddable":true,"href":"https:\/\/www.hirtenberg-apotheke.at\/katalog\/wp-json\/wp\/v2\/product_brand?post=15193"},{"taxonomy":"product_cat","embeddable":true,"href":"https:\/\/www.hirtenberg-apotheke.at\/katalog\/wp-json\/wp\/v2\/product_cat?post=15193"},{"taxonomy":"product_tag","embeddable":true,"href":"https:\/\/www.hirtenberg-apotheke.at\/katalog\/wp-json\/wp\/v2\/product_tag?post=15193"}],"curies":[{"name":"wp","href":"https:\/\/api.w.org\/{rel}","templated":true}]}}