{"id":15197,"date":"2025-11-25T15:59:20","date_gmt":"2025-11-25T14:59:20","guid":{"rendered":"https:\/\/www.hirtenberg-apotheke.at\/katalog\/produkt\/hafesan-goldhirse-calcium-kapseln\/"},"modified":"2025-11-25T15:59:31","modified_gmt":"2025-11-25T14:59:31","slug":"hafesan-goldhirse-calcium-kapseln","status":"publish","type":"product","link":"https:\/\/www.hirtenberg-apotheke.at\/katalog\/produkt\/hafesan-goldhirse-calcium-kapseln\/","title":{"rendered":"Hafesan Goldhirse Calcium Kapseln"},"content":{"rendered":"<p>Hafesan Goldhirse + Calcium Kapseln vereinen in einzigartiger Weise die wichtigsten N\u00e4hrstoffe f\u00fcr Ihre Sch\u00f6nheit: hochwertiger Goldhirse-Extrakt, Kieselerde, Calcium, Zink und das wichtige Vitamin Biotin.<\/p>\n","protected":false},"excerpt":{"rendered":"<p>Hafesan Goldhirse + Calcium Kapseln vereinen in einzigartiger Weise die wichtigsten N\u00e4hrstoffe f\u00fcr Ihre Sch\u00f6nheit: hochwertiger Goldhirse-Extrakt, Kieselerde, Calcium, Zink und das wichtige Vitamin Biotin.<\/p>\n","protected":false},"featured_media":0,"template":"","meta":{"_acf_changed":false},"product_brand":[329],"product_cat":[330],"product_tag":[],"class_list":{"0":"post-15197","1":"product","2":"type-product","3":"status-publish","5":"product_brand-hafesan","6":"product_cat-h","7":"pa_packungsgroesse-75-stueck","9":"first","10":"instock","11":"shipping-taxable","12":"purchasable","13":"product-type-simple"},"acf":[],"_links":{"self":[{"href":"https:\/\/www.hirtenberg-apotheke.at\/katalog\/wp-json\/wp\/v2\/product\/15197","targetHints":{"allow":["GET"]}}],"collection":[{"href":"https:\/\/www.hirtenberg-apotheke.at\/katalog\/wp-json\/wp\/v2\/product"}],"about":[{"href":"https:\/\/www.hirtenberg-apotheke.at\/katalog\/wp-json\/wp\/v2\/types\/product"}],"wp:attachment":[{"href":"https:\/\/www.hirtenberg-apotheke.at\/katalog\/wp-json\/wp\/v2\/media?parent=15197"}],"wp:term":[{"taxonomy":"product_brand","embeddable":true,"href":"https:\/\/www.hirtenberg-apotheke.at\/katalog\/wp-json\/wp\/v2\/product_brand?post=15197"},{"taxonomy":"product_cat","embeddable":true,"href":"https:\/\/www.hirtenberg-apotheke.at\/katalog\/wp-json\/wp\/v2\/product_cat?post=15197"},{"taxonomy":"product_tag","embeddable":true,"href":"https:\/\/www.hirtenberg-apotheke.at\/katalog\/wp-json\/wp\/v2\/product_tag?post=15197"}],"curies":[{"name":"wp","href":"https:\/\/api.w.org\/{rel}","templated":true}]}}