{"id":15234,"date":"2025-11-25T15:59:51","date_gmt":"2025-11-25T14:59:51","guid":{"rendered":"https:\/\/www.hirtenberg-apotheke.at\/katalog\/produkt\/ehrmed-zink-goldhirse-kapseln-60-stk\/"},"modified":"2025-11-25T15:59:56","modified_gmt":"2025-11-25T14:59:56","slug":"ehrmed-zink-goldhirse-kapseln-60-stk","status":"publish","type":"product","link":"https:\/\/www.hirtenberg-apotheke.at\/katalog\/produkt\/ehrmed-zink-goldhirse-kapseln-60-stk\/","title":{"rendered":"Ehrmed Zink Goldhirse Kapseln 60 Stk."},"content":{"rendered":"<p>Ehrmed Zink Goldhirse Kapseln dienen zur Unterst\u00fctzung des nat\u00fcrlichen Wachstums von Haaren. Die Kapseln enthalten Goldhirseextrakt, Zink, Biotin und Pantothens\u00e4ure.<\/p>\n","protected":false},"excerpt":{"rendered":"<p>Ehrmed Zink Goldhirse Kapseln dienen zur Unterst\u00fctzung des nat\u00fcrlichen Wachstums von Haaren. Die Kapseln enthalten Goldhirseextrakt, Zink, Biotin und Pantothens\u00e4ure.<\/p>\n","protected":false},"featured_media":15236,"template":"","meta":{"_acf_changed":false},"product_brand":[],"product_cat":[307],"product_tag":[],"class_list":{"0":"post-15234","1":"product","2":"type-product","3":"status-publish","4":"has-post-thumbnail","6":"product_cat-e","7":"pa_packungsgroesse-60-stueck","9":"first","10":"instock","11":"shipping-taxable","12":"purchasable","13":"product-type-simple"},"acf":[],"_links":{"self":[{"href":"https:\/\/www.hirtenberg-apotheke.at\/katalog\/wp-json\/wp\/v2\/product\/15234","targetHints":{"allow":["GET"]}}],"collection":[{"href":"https:\/\/www.hirtenberg-apotheke.at\/katalog\/wp-json\/wp\/v2\/product"}],"about":[{"href":"https:\/\/www.hirtenberg-apotheke.at\/katalog\/wp-json\/wp\/v2\/types\/product"}],"wp:featuredmedia":[{"embeddable":true,"href":"https:\/\/www.hirtenberg-apotheke.at\/katalog\/wp-json\/wp\/v2\/media\/15236"}],"wp:attachment":[{"href":"https:\/\/www.hirtenberg-apotheke.at\/katalog\/wp-json\/wp\/v2\/media?parent=15234"}],"wp:term":[{"taxonomy":"product_brand","embeddable":true,"href":"https:\/\/www.hirtenberg-apotheke.at\/katalog\/wp-json\/wp\/v2\/product_brand?post=15234"},{"taxonomy":"product_cat","embeddable":true,"href":"https:\/\/www.hirtenberg-apotheke.at\/katalog\/wp-json\/wp\/v2\/product_cat?post=15234"},{"taxonomy":"product_tag","embeddable":true,"href":"https:\/\/www.hirtenberg-apotheke.at\/katalog\/wp-json\/wp\/v2\/product_tag?post=15234"}],"curies":[{"name":"wp","href":"https:\/\/api.w.org\/{rel}","templated":true}]}}