{"id":15267,"date":"2025-11-25T16:00:08","date_gmt":"2025-11-25T15:00:08","guid":{"rendered":"https:\/\/www.hirtenberg-apotheke.at\/katalog\/produkt\/carnosin-250mg-kapseln\/"},"modified":"2025-11-25T16:00:15","modified_gmt":"2025-11-25T15:00:15","slug":"carnosin-250mg-kapseln","status":"publish","type":"product","link":"https:\/\/www.hirtenberg-apotheke.at\/katalog\/produkt\/carnosin-250mg-kapseln\/","title":{"rendered":"Carnosin 250mg Kapseln"},"content":{"rendered":"<p>L-Carnosin 250 mg GPH Kapseln enthalten L-Carnosin in einer Hartgelatinekapsel.L-Carnosin ist eine Substanz die unsere funktionalen Lebensgrundlagen &#8211; Zellen, Proteine, DNA-Lipide &#8211; sch\u00fctzt und n\u00e4hrt. Es besitzt die bemerkenswerte Eigenschaft, Zellen zu verj\u00fcngen, ihr normales Aussehen wieder herzustellen und die zellul\u00e4re Lebensspanne zu erweitern. Als Antioxidans neutralisiert L-Carnosin die sch\u00e4dlichen freien Radikale.<\/p>\n","protected":false},"excerpt":{"rendered":"<p>L-Carnosin 250 mg GPH Kapseln enthalten L-Carnosin in einer Hartgelatinekapsel.L-Carnosin ist eine Substanz die unsere funktionalen Lebensgrundlagen &#8211; Zellen, Proteine, DNA-Lipide &#8211; sch\u00fctzt und n\u00e4hrt. Es besitzt die bemerkenswerte Eigenschaft, Zellen zu verj\u00fcngen, ihr normales Aussehen wieder herzustellen und die zellul\u00e4re Lebensspanne zu erweitern. Als Antioxidans neutralisiert L-Carnosin die sch\u00e4dlichen freien Radikale.<\/p>\n","protected":false},"featured_media":0,"template":"","meta":{"_acf_changed":false},"product_brand":[316],"product_cat":[337],"product_tag":[],"class_list":{"0":"post-15267","1":"product","2":"type-product","3":"status-publish","5":"product_brand-gall-pharma","6":"product_cat-c","7":"pa_packungsgroesse-60-stueck","9":"first","10":"instock","11":"shipping-taxable","12":"purchasable","13":"product-type-simple"},"acf":[],"_links":{"self":[{"href":"https:\/\/www.hirtenberg-apotheke.at\/katalog\/wp-json\/wp\/v2\/product\/15267","targetHints":{"allow":["GET"]}}],"collection":[{"href":"https:\/\/www.hirtenberg-apotheke.at\/katalog\/wp-json\/wp\/v2\/product"}],"about":[{"href":"https:\/\/www.hirtenberg-apotheke.at\/katalog\/wp-json\/wp\/v2\/types\/product"}],"wp:attachment":[{"href":"https:\/\/www.hirtenberg-apotheke.at\/katalog\/wp-json\/wp\/v2\/media?parent=15267"}],"wp:term":[{"taxonomy":"product_brand","embeddable":true,"href":"https:\/\/www.hirtenberg-apotheke.at\/katalog\/wp-json\/wp\/v2\/product_brand?post=15267"},{"taxonomy":"product_cat","embeddable":true,"href":"https:\/\/www.hirtenberg-apotheke.at\/katalog\/wp-json\/wp\/v2\/product_cat?post=15267"},{"taxonomy":"product_tag","embeddable":true,"href":"https:\/\/www.hirtenberg-apotheke.at\/katalog\/wp-json\/wp\/v2\/product_tag?post=15267"}],"curies":[{"name":"wp","href":"https:\/\/api.w.org\/{rel}","templated":true}]}}