{"id":15272,"date":"2025-11-25T16:00:08","date_gmt":"2025-11-25T15:00:08","guid":{"rendered":"https:\/\/www.hirtenberg-apotheke.at\/katalog\/produkt\/resveratrol-10mg-kapseln\/"},"modified":"2025-11-25T16:00:17","modified_gmt":"2025-11-25T15:00:17","slug":"resveratrol-10mg-kapseln","status":"publish","type":"product","link":"https:\/\/www.hirtenberg-apotheke.at\/katalog\/produkt\/resveratrol-10mg-kapseln\/","title":{"rendered":"Resveratrol 10mg Kapseln"},"content":{"rendered":"<p>Gall Pharma Resveratrol 10 mg Kapseln 30 Stk. beinhalten 10 mg Resveratrol in einer Hartgelatinekapsel. Aufgrund der antioxidativen Wirkung ist Resveratrol ein nat\u00fcrlicher Anti-Aging Faktor. Auch werden viele wichtige Bereiche im K\u00f6rper, wie Gef\u00e4\u00dfe, Immunsystem und Zellschutz positiv beeinflusst. So k\u00f6nnen Arterienverkalkung und Herzinfarkt vorgebeugt und das Immunsystem gest\u00e4rkt werden &#8211; profitieren Sie von hohen Rabatten und dem gro\u00dfen Sortiment einer Standortapotheke!<\/p>\n","protected":false},"excerpt":{"rendered":"<p>Gall Pharma Resveratrol 10 mg Kapseln 30 Stk. beinhalten 10 mg Resveratrol in einer Hartgelatinekapsel. Aufgrund der antioxidativen Wirkung ist Resveratrol ein nat\u00fcrlicher Anti-Aging Faktor. Auch werden viele wichtige Bereiche im K\u00f6rper, wie Gef\u00e4\u00dfe, Immunsystem und Zellschutz positiv beeinflusst. So k\u00f6nnen Arterienverkalkung und Herzinfarkt vorgebeugt und das Immunsystem gest\u00e4rkt werden &#8211; profitieren Sie von hohen [&hellip;]<\/p>\n","protected":false},"featured_media":15274,"template":"","meta":{"_acf_changed":false},"product_brand":[316],"product_cat":[311],"product_tag":[],"class_list":{"0":"post-15272","1":"product","2":"type-product","3":"status-publish","4":"has-post-thumbnail","6":"product_brand-gall-pharma","7":"product_cat-r","8":"pa_packungsgroesse-30-stueck","10":"first","11":"instock","12":"shipping-taxable","13":"purchasable","14":"product-type-simple"},"acf":[],"_links":{"self":[{"href":"https:\/\/www.hirtenberg-apotheke.at\/katalog\/wp-json\/wp\/v2\/product\/15272","targetHints":{"allow":["GET"]}}],"collection":[{"href":"https:\/\/www.hirtenberg-apotheke.at\/katalog\/wp-json\/wp\/v2\/product"}],"about":[{"href":"https:\/\/www.hirtenberg-apotheke.at\/katalog\/wp-json\/wp\/v2\/types\/product"}],"wp:featuredmedia":[{"embeddable":true,"href":"https:\/\/www.hirtenberg-apotheke.at\/katalog\/wp-json\/wp\/v2\/media\/15274"}],"wp:attachment":[{"href":"https:\/\/www.hirtenberg-apotheke.at\/katalog\/wp-json\/wp\/v2\/media?parent=15272"}],"wp:term":[{"taxonomy":"product_brand","embeddable":true,"href":"https:\/\/www.hirtenberg-apotheke.at\/katalog\/wp-json\/wp\/v2\/product_brand?post=15272"},{"taxonomy":"product_cat","embeddable":true,"href":"https:\/\/www.hirtenberg-apotheke.at\/katalog\/wp-json\/wp\/v2\/product_cat?post=15272"},{"taxonomy":"product_tag","embeddable":true,"href":"https:\/\/www.hirtenberg-apotheke.at\/katalog\/wp-json\/wp\/v2\/product_tag?post=15272"}],"curies":[{"name":"wp","href":"https:\/\/api.w.org\/{rel}","templated":true}]}}