{"id":15333,"date":"2025-11-25T16:00:44","date_gmt":"2025-11-25T15:00:44","guid":{"rendered":"https:\/\/www.hirtenberg-apotheke.at\/katalog\/produkt\/femalen-tabletten-60-stk\/"},"modified":"2025-11-25T16:00:50","modified_gmt":"2025-11-25T15:00:50","slug":"femalen-tabletten-60-stk","status":"publish","type":"product","link":"https:\/\/www.hirtenberg-apotheke.at\/katalog\/produkt\/femalen-tabletten-60-stk\/","title":{"rendered":"Femalen Tabletten 60 Stk."},"content":{"rendered":"<p>Femalen Tabletten ist ein 100% hormonfreier Begleiter w\u00e4hrend der Wechseljahre. Beschwerden wie beispielsweise Hitzewallungen, Stimmungsschwankungen oder Schlafst\u00f6rungen k\u00f6nnen die Lebensqualit\u00e4t stark beeintr\u00e4chtigen, und durch Femalen gemindert werden..<\/p>\n","protected":false},"excerpt":{"rendered":"<p>Femalen Tabletten ist ein 100% hormonfreier Begleiter w\u00e4hrend der Wechseljahre. Beschwerden wie beispielsweise Hitzewallungen, Stimmungsschwankungen oder Schlafst\u00f6rungen k\u00f6nnen die Lebensqualit\u00e4t stark beeintr\u00e4chtigen, und durch Femalen gemindert werden..<\/p>\n","protected":false},"featured_media":0,"template":"","meta":{"_acf_changed":false},"product_brand":[],"product_cat":[322],"product_tag":[],"class_list":{"0":"post-15333","1":"product","2":"type-product","3":"status-publish","5":"product_cat-f","6":"pa_packungsgroesse-60-stueck","8":"first","9":"instock","10":"shipping-taxable","11":"purchasable","12":"product-type-simple"},"acf":[],"_links":{"self":[{"href":"https:\/\/www.hirtenberg-apotheke.at\/katalog\/wp-json\/wp\/v2\/product\/15333","targetHints":{"allow":["GET"]}}],"collection":[{"href":"https:\/\/www.hirtenberg-apotheke.at\/katalog\/wp-json\/wp\/v2\/product"}],"about":[{"href":"https:\/\/www.hirtenberg-apotheke.at\/katalog\/wp-json\/wp\/v2\/types\/product"}],"wp:attachment":[{"href":"https:\/\/www.hirtenberg-apotheke.at\/katalog\/wp-json\/wp\/v2\/media?parent=15333"}],"wp:term":[{"taxonomy":"product_brand","embeddable":true,"href":"https:\/\/www.hirtenberg-apotheke.at\/katalog\/wp-json\/wp\/v2\/product_brand?post=15333"},{"taxonomy":"product_cat","embeddable":true,"href":"https:\/\/www.hirtenberg-apotheke.at\/katalog\/wp-json\/wp\/v2\/product_cat?post=15333"},{"taxonomy":"product_tag","embeddable":true,"href":"https:\/\/www.hirtenberg-apotheke.at\/katalog\/wp-json\/wp\/v2\/product_tag?post=15333"}],"curies":[{"name":"wp","href":"https:\/\/api.w.org\/{rel}","templated":true}]}}