{"id":15335,"date":"2025-11-25T16:00:44","date_gmt":"2025-11-25T15:00:44","guid":{"rendered":"https:\/\/www.hirtenberg-apotheke.at\/katalog\/produkt\/dr-boehm-isoflavon-forte-dragees-90-mg\/"},"modified":"2025-11-25T17:01:12","modified_gmt":"2025-11-25T16:01:12","slug":"dr-boehm-isoflavon-forte-dragees-90-mg","status":"publish","type":"product","link":"https:\/\/www.hirtenberg-apotheke.at\/katalog\/produkt\/dr-boehm-isoflavon-forte-dragees-90-mg\/","title":{"rendered":"Dr. B\u00f6hm Isoflavon Forte Dragees 90 mg"},"content":{"rendered":"<p>Dr. B\u00f6hm Isoflavon Forte 90 mg Dragees sind speziell f\u00fcr Frauen in und nach den Wechseljahren. Die enthaltenen Wirkstoffe aus Rotklee, Soja und Nachtkerzen\u00f6l sorgen f\u00fcr k\u00f6rperliche und seelische Harmonie und wirken positiv auf den Feuchtigkeitshaushalt der Haut. Dieses Produkt erhalten Sie in den Varianten 45 mg (30 und 60 St\u00fcck) und 90 mg (30 und 60 St\u00fcck).<\/p>\n","protected":false},"excerpt":{"rendered":"<p>Dr. B\u00f6hm Isoflavon Forte 90 mg Dragees sind speziell f\u00fcr Frauen in und nach den Wechseljahren. Die enthaltenen Wirkstoffe aus Rotklee, Soja und Nachtkerzen\u00f6l sorgen f\u00fcr k\u00f6rperliche und seelische Harmonie und wirken positiv auf den Feuchtigkeitshaushalt der Haut. Dieses Produkt erhalten Sie in den Varianten 45 mg (30 und 60 St\u00fcck) und 90 mg (30 [&hellip;]<\/p>\n","protected":false},"featured_media":0,"template":"","meta":{"_acf_changed":false},"product_brand":[294],"product_cat":[295],"product_tag":[],"class_list":{"0":"post-15335","1":"product","2":"type-product","3":"status-publish","5":"product_brand-dr-boehm","6":"product_cat-d","7":"pa_packungsgroesse-30-stueck","8":"pa_packungsgroesse-60-stueck","10":"first","11":"instock","12":"shipping-taxable","13":"purchasable","14":"product-type-simple"},"acf":[],"_links":{"self":[{"href":"https:\/\/www.hirtenberg-apotheke.at\/katalog\/wp-json\/wp\/v2\/product\/15335","targetHints":{"allow":["GET"]}}],"collection":[{"href":"https:\/\/www.hirtenberg-apotheke.at\/katalog\/wp-json\/wp\/v2\/product"}],"about":[{"href":"https:\/\/www.hirtenberg-apotheke.at\/katalog\/wp-json\/wp\/v2\/types\/product"}],"wp:attachment":[{"href":"https:\/\/www.hirtenberg-apotheke.at\/katalog\/wp-json\/wp\/v2\/media?parent=15335"}],"wp:term":[{"taxonomy":"product_brand","embeddable":true,"href":"https:\/\/www.hirtenberg-apotheke.at\/katalog\/wp-json\/wp\/v2\/product_brand?post=15335"},{"taxonomy":"product_cat","embeddable":true,"href":"https:\/\/www.hirtenberg-apotheke.at\/katalog\/wp-json\/wp\/v2\/product_cat?post=15335"},{"taxonomy":"product_tag","embeddable":true,"href":"https:\/\/www.hirtenberg-apotheke.at\/katalog\/wp-json\/wp\/v2\/product_tag?post=15335"}],"curies":[{"name":"wp","href":"https:\/\/api.w.org\/{rel}","templated":true}]}}