{"id":15337,"date":"2025-11-25T16:00:44","date_gmt":"2025-11-25T15:00:44","guid":{"rendered":"https:\/\/www.hirtenberg-apotheke.at\/katalog\/produkt\/isoflavon-45mg-dragees-mit-griffonia\/"},"modified":"2025-11-25T16:00:52","modified_gmt":"2025-11-25T15:00:52","slug":"isoflavon-45mg-dragees-mit-griffonia","status":"publish","type":"product","link":"https:\/\/www.hirtenberg-apotheke.at\/katalog\/produkt\/isoflavon-45mg-dragees-mit-griffonia\/","title":{"rendered":"Isoflavon 45mg Dragees mit Griffonia"},"content":{"rendered":"<p>Dr. B\u00f6hm Isoflavon mit Griffonia Dragees sorgen auf pflanzliche Weise f\u00fcr hormonelle Balance w\u00e4hrend der Wechseljahre. Sie lindern Begleiterscheinungen der Menopause wie zum Beispiel Hitzewallungen, Stimmungsschwankungen oder Hei\u00dfhungerattacken.<\/p>\n","protected":false},"excerpt":{"rendered":"<p>Dr. B\u00f6hm Isoflavon mit Griffonia Dragees sorgen auf pflanzliche Weise f\u00fcr hormonelle Balance w\u00e4hrend der Wechseljahre. Sie lindern Begleiterscheinungen der Menopause wie zum Beispiel Hitzewallungen, Stimmungsschwankungen oder Hei\u00dfhungerattacken.<\/p>\n","protected":false},"featured_media":0,"template":"","meta":{"_acf_changed":false},"product_brand":[294],"product_cat":[370],"product_tag":[],"class_list":{"0":"post-15337","1":"product","2":"type-product","3":"status-publish","5":"product_brand-dr-boehm","6":"product_cat-i","7":"pa_packungsgroesse-60-stueck","9":"first","10":"instock","11":"shipping-taxable","12":"purchasable","13":"product-type-simple"},"acf":[],"_links":{"self":[{"href":"https:\/\/www.hirtenberg-apotheke.at\/katalog\/wp-json\/wp\/v2\/product\/15337","targetHints":{"allow":["GET"]}}],"collection":[{"href":"https:\/\/www.hirtenberg-apotheke.at\/katalog\/wp-json\/wp\/v2\/product"}],"about":[{"href":"https:\/\/www.hirtenberg-apotheke.at\/katalog\/wp-json\/wp\/v2\/types\/product"}],"wp:attachment":[{"href":"https:\/\/www.hirtenberg-apotheke.at\/katalog\/wp-json\/wp\/v2\/media?parent=15337"}],"wp:term":[{"taxonomy":"product_brand","embeddable":true,"href":"https:\/\/www.hirtenberg-apotheke.at\/katalog\/wp-json\/wp\/v2\/product_brand?post=15337"},{"taxonomy":"product_cat","embeddable":true,"href":"https:\/\/www.hirtenberg-apotheke.at\/katalog\/wp-json\/wp\/v2\/product_cat?post=15337"},{"taxonomy":"product_tag","embeddable":true,"href":"https:\/\/www.hirtenberg-apotheke.at\/katalog\/wp-json\/wp\/v2\/product_tag?post=15337"}],"curies":[{"name":"wp","href":"https:\/\/api.w.org\/{rel}","templated":true}]}}