{"id":15351,"date":"2025-11-25T17:01:10","date_gmt":"2025-11-25T16:01:10","guid":{"rendered":"https:\/\/www.hirtenberg-apotheke.at\/katalog\/produkt\/femalen-tabletten-120-stk\/"},"modified":"2025-11-25T17:01:14","modified_gmt":"2025-11-25T16:01:14","slug":"femalen-tabletten-120-stk","status":"publish","type":"product","link":"https:\/\/www.hirtenberg-apotheke.at\/katalog\/produkt\/femalen-tabletten-120-stk\/","title":{"rendered":"Femalen Tabletten 120 Stk."},"content":{"rendered":"<p>Ratiopharm ist auf die Entwicklung, die Herstellung und den Vertrieb von Markengenerika, forschungsintensiven Biologicals, Originalpr\u00e4paraten sowie OTC-Produkten spezialisiert. Das Sortiment deckt nahezu alle Anwendungsgebiete ab und ist eines der gr\u00f6\u00e1ten und umfangreichsten im Markt. Dar\u00fcber hinaus bietet ratiopharm patientenfreundliche Produktvorteile und nat\u00fcrlich exklusiven Service f\u00fcr Arzt, Apotheker und Patient. Mit der Philosophie qualitativ hochwertige Medikamente preisgnstig anzubieten, tr\u00e4gt das Unternehmen erheblich zur Kostensenkung des Gesundheitssystems bei.<\/p>\n","protected":false},"excerpt":{"rendered":"<p>Ratiopharm ist auf die Entwicklung, die Herstellung und den Vertrieb von Markengenerika, forschungsintensiven Biologicals, Originalpr\u00e4paraten sowie OTC-Produkten spezialisiert. Das Sortiment deckt nahezu alle Anwendungsgebiete ab und ist eines der gr\u00f6\u00e1ten und umfangreichsten im Markt. Dar\u00fcber hinaus bietet ratiopharm patientenfreundliche Produktvorteile und nat\u00fcrlich exklusiven Service f\u00fcr Arzt, Apotheker und Patient. Mit der Philosophie qualitativ hochwertige Medikamente [&hellip;]<\/p>\n","protected":false},"featured_media":0,"template":"","meta":{"_acf_changed":false},"product_brand":[],"product_cat":[322],"product_tag":[],"class_list":{"0":"post-15351","1":"product","2":"type-product","3":"status-publish","5":"product_cat-f","6":"pa_packungsgroesse-120-stueck","8":"first","9":"instock","10":"shipping-taxable","11":"purchasable","12":"product-type-simple"},"acf":[],"_links":{"self":[{"href":"https:\/\/www.hirtenberg-apotheke.at\/katalog\/wp-json\/wp\/v2\/product\/15351","targetHints":{"allow":["GET"]}}],"collection":[{"href":"https:\/\/www.hirtenberg-apotheke.at\/katalog\/wp-json\/wp\/v2\/product"}],"about":[{"href":"https:\/\/www.hirtenberg-apotheke.at\/katalog\/wp-json\/wp\/v2\/types\/product"}],"wp:attachment":[{"href":"https:\/\/www.hirtenberg-apotheke.at\/katalog\/wp-json\/wp\/v2\/media?parent=15351"}],"wp:term":[{"taxonomy":"product_brand","embeddable":true,"href":"https:\/\/www.hirtenberg-apotheke.at\/katalog\/wp-json\/wp\/v2\/product_brand?post=15351"},{"taxonomy":"product_cat","embeddable":true,"href":"https:\/\/www.hirtenberg-apotheke.at\/katalog\/wp-json\/wp\/v2\/product_cat?post=15351"},{"taxonomy":"product_tag","embeddable":true,"href":"https:\/\/www.hirtenberg-apotheke.at\/katalog\/wp-json\/wp\/v2\/product_tag?post=15351"}],"curies":[{"name":"wp","href":"https:\/\/api.w.org\/{rel}","templated":true}]}}