{"id":15357,"date":"2025-11-25T17:01:10","date_gmt":"2025-11-25T16:01:10","guid":{"rendered":"https:\/\/www.hirtenberg-apotheke.at\/katalog\/produkt\/dr-schreibers-schlafen-statt-schwitzen-kapseln-30-stk\/"},"modified":"2025-11-25T17:01:18","modified_gmt":"2025-11-25T16:01:18","slug":"dr-schreibers-schlafen-statt-schwitzen-kapseln-30-stk","status":"publish","type":"product","link":"https:\/\/www.hirtenberg-apotheke.at\/katalog\/produkt\/dr-schreibers-schlafen-statt-schwitzen-kapseln-30-stk\/","title":{"rendered":"Dr. Schreibers Schlafen statt Schwitzen Kapseln 30 Stk."},"content":{"rendered":"<p>Dr. Schreibers Schlafen statt Schwitzen bietet nat\u00fcrliche Unterst\u00fctzung gegen Schlafst\u00f6rungen auf Grund von n\u00e4chtlichem Schwitzen! Die hochwertige Kombination an nat\u00fcrlichen und pflanzlichen Inhaltsstoffen hemmt die Schwei\u00dfbildung und verbessert die Schlafqualit\u00e4t<\/p>\n","protected":false},"excerpt":{"rendered":"<p>Dr. Schreibers Schlafen statt Schwitzen bietet nat\u00fcrliche Unterst\u00fctzung gegen Schlafst\u00f6rungen auf Grund von n\u00e4chtlichem Schwitzen! Die hochwertige Kombination an nat\u00fcrlichen und pflanzlichen Inhaltsstoffen hemmt die Schwei\u00dfbildung und verbessert die Schlafqualit\u00e4t<\/p>\n","protected":false},"featured_media":0,"template":"","meta":{"_acf_changed":false},"product_brand":[338],"product_cat":[295],"product_tag":[],"class_list":{"0":"post-15357","1":"product","2":"type-product","3":"status-publish","5":"product_brand-dr-schreibers","6":"product_cat-d","7":"pa_packungsgroesse-30-stueck","9":"first","10":"instock","11":"shipping-taxable","12":"purchasable","13":"product-type-simple"},"acf":[],"_links":{"self":[{"href":"https:\/\/www.hirtenberg-apotheke.at\/katalog\/wp-json\/wp\/v2\/product\/15357","targetHints":{"allow":["GET"]}}],"collection":[{"href":"https:\/\/www.hirtenberg-apotheke.at\/katalog\/wp-json\/wp\/v2\/product"}],"about":[{"href":"https:\/\/www.hirtenberg-apotheke.at\/katalog\/wp-json\/wp\/v2\/types\/product"}],"wp:attachment":[{"href":"https:\/\/www.hirtenberg-apotheke.at\/katalog\/wp-json\/wp\/v2\/media?parent=15357"}],"wp:term":[{"taxonomy":"product_brand","embeddable":true,"href":"https:\/\/www.hirtenberg-apotheke.at\/katalog\/wp-json\/wp\/v2\/product_brand?post=15357"},{"taxonomy":"product_cat","embeddable":true,"href":"https:\/\/www.hirtenberg-apotheke.at\/katalog\/wp-json\/wp\/v2\/product_cat?post=15357"},{"taxonomy":"product_tag","embeddable":true,"href":"https:\/\/www.hirtenberg-apotheke.at\/katalog\/wp-json\/wp\/v2\/product_tag?post=15357"}],"curies":[{"name":"wp","href":"https:\/\/api.w.org\/{rel}","templated":true}]}}