{"id":15363,"date":"2025-11-25T17:01:17","date_gmt":"2025-11-25T16:01:17","guid":{"rendered":"https:\/\/www.hirtenberg-apotheke.at\/katalog\/produkt\/granu-fink-hartkapseln-60-stk-femina\/"},"modified":"2025-11-25T17:01:23","modified_gmt":"2025-11-25T16:01:23","slug":"granu-fink-hartkapseln-60-stk-femina","status":"publish","type":"product","link":"https:\/\/www.hirtenberg-apotheke.at\/katalog\/produkt\/granu-fink-hartkapseln-60-stk-femina\/","title":{"rendered":"Granu Fink Hartkapseln 60 Stk. Femina"},"content":{"rendered":"<p>Granu Fink\u00ae Femina Hartkapseln \u2013 die spezielle Rezeptur von Granu Fink\u00ae femina wirkt umfassend und st\u00e4rkend auf die Blasenfunktion und das Blasen-Beckenboden-System. Die Wirkstoffkombination enth\u00e4lt 3 bew\u00e4hrte, traditionelle Heilpflanzen. So wirkt dieses pflanzliche Rezept besonders effektiv und umfassend bei der Linderung von Beschwerden mit der Blase.<\/p>\n","protected":false},"excerpt":{"rendered":"<p>Granu Fink\u00ae Femina Hartkapseln \u2013 die spezielle Rezeptur von Granu Fink\u00ae femina wirkt umfassend und st\u00e4rkend auf die Blasenfunktion und das Blasen-Beckenboden-System. Die Wirkstoffkombination enth\u00e4lt 3 bew\u00e4hrte, traditionelle Heilpflanzen. So wirkt dieses pflanzliche Rezept besonders effektiv und umfassend bei der Linderung von Beschwerden mit der Blase.<\/p>\n","protected":false},"featured_media":0,"template":"","meta":{"_acf_changed":false},"product_brand":[],"product_cat":[328],"product_tag":[],"class_list":{"0":"post-15363","1":"product","2":"type-product","3":"status-publish","5":"product_cat-g","6":"pa_packungsgroesse-60-stueck","8":"first","9":"instock","10":"shipping-taxable","11":"purchasable","12":"product-type-simple"},"acf":[],"_links":{"self":[{"href":"https:\/\/www.hirtenberg-apotheke.at\/katalog\/wp-json\/wp\/v2\/product\/15363","targetHints":{"allow":["GET"]}}],"collection":[{"href":"https:\/\/www.hirtenberg-apotheke.at\/katalog\/wp-json\/wp\/v2\/product"}],"about":[{"href":"https:\/\/www.hirtenberg-apotheke.at\/katalog\/wp-json\/wp\/v2\/types\/product"}],"wp:attachment":[{"href":"https:\/\/www.hirtenberg-apotheke.at\/katalog\/wp-json\/wp\/v2\/media?parent=15363"}],"wp:term":[{"taxonomy":"product_brand","embeddable":true,"href":"https:\/\/www.hirtenberg-apotheke.at\/katalog\/wp-json\/wp\/v2\/product_brand?post=15363"},{"taxonomy":"product_cat","embeddable":true,"href":"https:\/\/www.hirtenberg-apotheke.at\/katalog\/wp-json\/wp\/v2\/product_cat?post=15363"},{"taxonomy":"product_tag","embeddable":true,"href":"https:\/\/www.hirtenberg-apotheke.at\/katalog\/wp-json\/wp\/v2\/product_tag?post=15363"}],"curies":[{"name":"wp","href":"https:\/\/api.w.org\/{rel}","templated":true}]}}