{"id":15381,"date":"2025-11-25T17:01:33","date_gmt":"2025-11-25T16:01:33","guid":{"rendered":"https:\/\/www.hirtenberg-apotheke.at\/katalog\/produkt\/femalen-forte-kapseln-60-stk\/"},"modified":"2025-11-25T17:01:37","modified_gmt":"2025-11-25T16:01:37","slug":"femalen-forte-kapseln-60-stk","status":"publish","type":"product","link":"https:\/\/www.hirtenberg-apotheke.at\/katalog\/produkt\/femalen-forte-kapseln-60-stk\/","title":{"rendered":"Femalen Forte Kapseln 60 Stk."},"content":{"rendered":"<p>Femalen Forte Kapseln sind pflanzliche Nahrungserg\u00e4nzungsmittel, die als Unterst\u00fctzung f\u00fcr das Wohlbefinden in den Wechseljahren dienen. Sie enthalten einen speziell aufbereiteten, hochwertigen Pflanzenpollenextrakt, der nachweislich geeignet ist Wechseljahrbeschwerden wie u.a. Hitzewallungen, Schlafst\u00f6rungen und Stimmungsschwankungen zu reduzieren. Die Kapseln sind reich an wertvollem Vitamin E f\u00fcr einen optimalen Zellschutz, frei von Laktose und Gluten und k\u00f6nnen v\u00f6llig problemlos regelm\u00e4\u00dfig und \u00fcber einen l\u00e4ngern Zeitraum eingenommen werden.<\/p>\n","protected":false},"excerpt":{"rendered":"<p>Femalen Forte Kapseln sind pflanzliche Nahrungserg\u00e4nzungsmittel, die als Unterst\u00fctzung f\u00fcr das Wohlbefinden in den Wechseljahren dienen. Sie enthalten einen speziell aufbereiteten, hochwertigen Pflanzenpollenextrakt, der nachweislich geeignet ist Wechseljahrbeschwerden wie u.a. Hitzewallungen, Schlafst\u00f6rungen und Stimmungsschwankungen zu reduzieren. Die Kapseln sind reich an wertvollem Vitamin E f\u00fcr einen optimalen Zellschutz, frei von Laktose und Gluten und k\u00f6nnen [&hellip;]<\/p>\n","protected":false},"featured_media":0,"template":"","meta":{"_acf_changed":false},"product_brand":[],"product_cat":[322],"product_tag":[],"class_list":{"0":"post-15381","1":"product","2":"type-product","3":"status-publish","5":"product_cat-f","6":"pa_packungsgroesse-60-stueck","8":"first","9":"instock","10":"shipping-taxable","11":"purchasable","12":"product-type-simple"},"acf":[],"_links":{"self":[{"href":"https:\/\/www.hirtenberg-apotheke.at\/katalog\/wp-json\/wp\/v2\/product\/15381","targetHints":{"allow":["GET"]}}],"collection":[{"href":"https:\/\/www.hirtenberg-apotheke.at\/katalog\/wp-json\/wp\/v2\/product"}],"about":[{"href":"https:\/\/www.hirtenberg-apotheke.at\/katalog\/wp-json\/wp\/v2\/types\/product"}],"wp:attachment":[{"href":"https:\/\/www.hirtenberg-apotheke.at\/katalog\/wp-json\/wp\/v2\/media?parent=15381"}],"wp:term":[{"taxonomy":"product_brand","embeddable":true,"href":"https:\/\/www.hirtenberg-apotheke.at\/katalog\/wp-json\/wp\/v2\/product_brand?post=15381"},{"taxonomy":"product_cat","embeddable":true,"href":"https:\/\/www.hirtenberg-apotheke.at\/katalog\/wp-json\/wp\/v2\/product_cat?post=15381"},{"taxonomy":"product_tag","embeddable":true,"href":"https:\/\/www.hirtenberg-apotheke.at\/katalog\/wp-json\/wp\/v2\/product_tag?post=15381"}],"curies":[{"name":"wp","href":"https:\/\/api.w.org\/{rel}","templated":true}]}}