{"id":15406,"date":"2025-11-25T17:01:54","date_gmt":"2025-11-25T16:01:54","guid":{"rendered":"https:\/\/www.hirtenberg-apotheke.at\/katalog\/produkt\/delima-kapseln-60-stk\/"},"modified":"2025-11-25T17:01:57","modified_gmt":"2025-11-25T16:01:57","slug":"delima-kapseln-60-stk","status":"publish","type":"product","link":"https:\/\/www.hirtenberg-apotheke.at\/katalog\/produkt\/delima-kapseln-60-stk\/","title":{"rendered":"Delima Kapseln 60 Stk."},"content":{"rendered":"<p>Delima Kapseln helfen auf nat\u00fcrliche Weise bei Beschwerden in den Wechseljahren wie Hitzewallungen, Scheidentrockenheit oder Schwei\u00dfausbr\u00fcchen. Die Kapseln enthalten wertvolles Granatapfelsamen\u00f6l. Sie helfen damit auf nat\u00fcrliche Weise,  Wechseljahresbeschwerden zu lindern.<\/p>\n","protected":false},"excerpt":{"rendered":"<p>Delima Kapseln helfen auf nat\u00fcrliche Weise bei Beschwerden in den Wechseljahren wie Hitzewallungen, Scheidentrockenheit oder Schwei\u00dfausbr\u00fcchen. Die Kapseln enthalten wertvolles Granatapfelsamen\u00f6l. Sie helfen damit auf nat\u00fcrliche Weise, Wechseljahresbeschwerden zu lindern.<\/p>\n","protected":false},"featured_media":0,"template":"","meta":{"_acf_changed":false},"product_brand":[],"product_cat":[295],"product_tag":[],"class_list":{"0":"post-15406","1":"product","2":"type-product","3":"status-publish","5":"product_cat-d","6":"pa_packungsgroesse-60-stueck","8":"first","9":"instock","10":"shipping-taxable","11":"purchasable","12":"product-type-simple"},"acf":[],"_links":{"self":[{"href":"https:\/\/www.hirtenberg-apotheke.at\/katalog\/wp-json\/wp\/v2\/product\/15406","targetHints":{"allow":["GET"]}}],"collection":[{"href":"https:\/\/www.hirtenberg-apotheke.at\/katalog\/wp-json\/wp\/v2\/product"}],"about":[{"href":"https:\/\/www.hirtenberg-apotheke.at\/katalog\/wp-json\/wp\/v2\/types\/product"}],"wp:attachment":[{"href":"https:\/\/www.hirtenberg-apotheke.at\/katalog\/wp-json\/wp\/v2\/media?parent=15406"}],"wp:term":[{"taxonomy":"product_brand","embeddable":true,"href":"https:\/\/www.hirtenberg-apotheke.at\/katalog\/wp-json\/wp\/v2\/product_brand?post=15406"},{"taxonomy":"product_cat","embeddable":true,"href":"https:\/\/www.hirtenberg-apotheke.at\/katalog\/wp-json\/wp\/v2\/product_cat?post=15406"},{"taxonomy":"product_tag","embeddable":true,"href":"https:\/\/www.hirtenberg-apotheke.at\/katalog\/wp-json\/wp\/v2\/product_tag?post=15406"}],"curies":[{"name":"wp","href":"https:\/\/api.w.org\/{rel}","templated":true}]}}