{"id":15428,"date":"2025-11-25T17:02:11","date_gmt":"2025-11-25T16:02:11","guid":{"rendered":"https:\/\/www.hirtenberg-apotheke.at\/katalog\/produkt\/damiana-tropfen-50-ml\/"},"modified":"2025-11-25T17:02:17","modified_gmt":"2025-11-25T16:02:17","slug":"damiana-tropfen-50-ml","status":"publish","type":"product","link":"https:\/\/www.hirtenberg-apotheke.at\/katalog\/produkt\/damiana-tropfen-50-ml\/","title":{"rendered":"Damiana Tropfen 50 ml"},"content":{"rendered":"<p>Die Damiana Tropfen sind ein Nahrungserg\u00e4nzungsmittel aus Damianabl\u00e4ttern (Turnera diffusa), welches bereits schon bei den Mayas als Aphrodisiakum Verwendung fand. Auch heute kommen Damianabl\u00e4tter als geschlechtliches Anregungsmittel zum Einsatz, indem sie die Potenz und den Geschlechtstrieb anregen. Zus\u00e4tzlich kann Turnera diffusa zur unterst\u00fctzenden Behandlung von Infektionskrankheiten verwendet werden.<\/p>\n","protected":false},"excerpt":{"rendered":"<p>Die Damiana Tropfen sind ein Nahrungserg\u00e4nzungsmittel aus Damianabl\u00e4ttern (Turnera diffusa), welches bereits schon bei den Mayas als Aphrodisiakum Verwendung fand. Auch heute kommen Damianabl\u00e4tter als geschlechtliches Anregungsmittel zum Einsatz, indem sie die Potenz und den Geschlechtstrieb anregen. Zus\u00e4tzlich kann Turnera diffusa zur unterst\u00fctzenden Behandlung von Infektionskrankheiten verwendet werden.<\/p>\n","protected":false},"featured_media":0,"template":"","meta":{"_acf_changed":false},"product_brand":[],"product_cat":[295],"product_tag":[],"class_list":{"0":"post-15428","1":"product","2":"type-product","3":"status-publish","5":"product_cat-d","6":"pa_packungsgroesse-50ml","8":"first","9":"instock","10":"shipping-taxable","11":"purchasable","12":"product-type-simple"},"acf":[],"_links":{"self":[{"href":"https:\/\/www.hirtenberg-apotheke.at\/katalog\/wp-json\/wp\/v2\/product\/15428","targetHints":{"allow":["GET"]}}],"collection":[{"href":"https:\/\/www.hirtenberg-apotheke.at\/katalog\/wp-json\/wp\/v2\/product"}],"about":[{"href":"https:\/\/www.hirtenberg-apotheke.at\/katalog\/wp-json\/wp\/v2\/types\/product"}],"wp:attachment":[{"href":"https:\/\/www.hirtenberg-apotheke.at\/katalog\/wp-json\/wp\/v2\/media?parent=15428"}],"wp:term":[{"taxonomy":"product_brand","embeddable":true,"href":"https:\/\/www.hirtenberg-apotheke.at\/katalog\/wp-json\/wp\/v2\/product_brand?post=15428"},{"taxonomy":"product_cat","embeddable":true,"href":"https:\/\/www.hirtenberg-apotheke.at\/katalog\/wp-json\/wp\/v2\/product_cat?post=15428"},{"taxonomy":"product_tag","embeddable":true,"href":"https:\/\/www.hirtenberg-apotheke.at\/katalog\/wp-json\/wp\/v2\/product_tag?post=15428"}],"curies":[{"name":"wp","href":"https:\/\/api.w.org\/{rel}","templated":true}]}}