{"id":15434,"date":"2025-11-25T17:02:20","date_gmt":"2025-11-25T16:02:20","guid":{"rendered":"https:\/\/www.hirtenberg-apotheke.at\/katalog\/produkt\/life-light-griffonia-kapseln-60-stk\/"},"modified":"2025-11-25T17:02:21","modified_gmt":"2025-11-25T16:02:21","slug":"life-light-griffonia-kapseln-60-stk","status":"publish","type":"product","link":"https:\/\/www.hirtenberg-apotheke.at\/katalog\/produkt\/life-light-griffonia-kapseln-60-stk\/","title":{"rendered":"Life Light Griffonia Kapseln 60 Stk."},"content":{"rendered":"<p>Life Light Griffonia Kapseln sind ein di\u00e4tetisches Lebensmittel f\u00fcr besondere medizinische Zwecke. Das Produkt leistet einen Beitrag zur Erhaltung normaler Haut, Haare, N\u00e4gel und Knochen. Zudem unterst\u00fctzt es die normale Funktion des Nervensystems und tr\u00e4gt zur Verringerung von M\u00fcdigkeit und Erm\u00fcdung bei.<\/p>\n","protected":false},"excerpt":{"rendered":"<p>Life Light Griffonia Kapseln sind ein di\u00e4tetisches Lebensmittel f\u00fcr besondere medizinische Zwecke. Das Produkt leistet einen Beitrag zur Erhaltung normaler Haut, Haare, N\u00e4gel und Knochen. Zudem unterst\u00fctzt es die normale Funktion des Nervensystems und tr\u00e4gt zur Verringerung von M\u00fcdigkeit und Erm\u00fcdung bei.<\/p>\n","protected":false},"featured_media":0,"template":"","meta":{"_acf_changed":false},"product_brand":[],"product_cat":[317],"product_tag":[],"class_list":{"0":"post-15434","1":"product","2":"type-product","3":"status-publish","5":"product_cat-l","6":"pa_packungsgroesse-60-stueck","8":"first","9":"instock","10":"shipping-taxable","11":"purchasable","12":"product-type-simple"},"acf":[],"_links":{"self":[{"href":"https:\/\/www.hirtenberg-apotheke.at\/katalog\/wp-json\/wp\/v2\/product\/15434","targetHints":{"allow":["GET"]}}],"collection":[{"href":"https:\/\/www.hirtenberg-apotheke.at\/katalog\/wp-json\/wp\/v2\/product"}],"about":[{"href":"https:\/\/www.hirtenberg-apotheke.at\/katalog\/wp-json\/wp\/v2\/types\/product"}],"wp:attachment":[{"href":"https:\/\/www.hirtenberg-apotheke.at\/katalog\/wp-json\/wp\/v2\/media?parent=15434"}],"wp:term":[{"taxonomy":"product_brand","embeddable":true,"href":"https:\/\/www.hirtenberg-apotheke.at\/katalog\/wp-json\/wp\/v2\/product_brand?post=15434"},{"taxonomy":"product_cat","embeddable":true,"href":"https:\/\/www.hirtenberg-apotheke.at\/katalog\/wp-json\/wp\/v2\/product_cat?post=15434"},{"taxonomy":"product_tag","embeddable":true,"href":"https:\/\/www.hirtenberg-apotheke.at\/katalog\/wp-json\/wp\/v2\/product_tag?post=15434"}],"curies":[{"name":"wp","href":"https:\/\/api.w.org\/{rel}","templated":true}]}}