{"id":15455,"date":"2025-11-25T17:02:33","date_gmt":"2025-11-25T16:02:33","guid":{"rendered":"https:\/\/www.hirtenberg-apotheke.at\/katalog\/produkt\/figureform-frau-pro-kapseln-90-stk\/"},"modified":"2025-11-25T17:02:36","modified_gmt":"2025-11-25T16:02:36","slug":"figureform-frau-pro-kapseln-90-stk","status":"publish","type":"product","link":"https:\/\/www.hirtenberg-apotheke.at\/katalog\/produkt\/figureform-frau-pro-kapseln-90-stk\/","title":{"rendered":"Figureform Frau Pro Kapseln 90 Stk."},"content":{"rendered":"<p>Figureform Frau Pro Kapseln f\u00fcr Wohlbefinden und seelische Harmonie in und nach den Wechseljahren. Sie sind sind schwei\u00df- und entz\u00fcndungshemmend und steigern zus\u00e4tzlich Energie und Vitalit\u00e4t.<\/p>\n","protected":false},"excerpt":{"rendered":"<p>Figureform Frau Pro Kapseln f\u00fcr Wohlbefinden und seelische Harmonie in und nach den Wechseljahren. Sie sind sind schwei\u00df- und entz\u00fcndungshemmend und steigern zus\u00e4tzlich Energie und Vitalit\u00e4t.<\/p>\n","protected":false},"featured_media":0,"template":"","meta":{"_acf_changed":false},"product_brand":[],"product_cat":[322],"product_tag":[],"class_list":{"0":"post-15455","1":"product","2":"type-product","3":"status-publish","5":"product_cat-f","6":"pa_packungsgroesse-90-stueck","8":"first","9":"instock","10":"shipping-taxable","11":"purchasable","12":"product-type-simple"},"acf":[],"_links":{"self":[{"href":"https:\/\/www.hirtenberg-apotheke.at\/katalog\/wp-json\/wp\/v2\/product\/15455","targetHints":{"allow":["GET"]}}],"collection":[{"href":"https:\/\/www.hirtenberg-apotheke.at\/katalog\/wp-json\/wp\/v2\/product"}],"about":[{"href":"https:\/\/www.hirtenberg-apotheke.at\/katalog\/wp-json\/wp\/v2\/types\/product"}],"wp:attachment":[{"href":"https:\/\/www.hirtenberg-apotheke.at\/katalog\/wp-json\/wp\/v2\/media?parent=15455"}],"wp:term":[{"taxonomy":"product_brand","embeddable":true,"href":"https:\/\/www.hirtenberg-apotheke.at\/katalog\/wp-json\/wp\/v2\/product_brand?post=15455"},{"taxonomy":"product_cat","embeddable":true,"href":"https:\/\/www.hirtenberg-apotheke.at\/katalog\/wp-json\/wp\/v2\/product_cat?post=15455"},{"taxonomy":"product_tag","embeddable":true,"href":"https:\/\/www.hirtenberg-apotheke.at\/katalog\/wp-json\/wp\/v2\/product_tag?post=15455"}],"curies":[{"name":"wp","href":"https:\/\/api.w.org\/{rel}","templated":true}]}}