{"id":15457,"date":"2025-11-25T17:02:33","date_gmt":"2025-11-25T16:02:33","guid":{"rendered":"https:\/\/www.hirtenberg-apotheke.at\/katalog\/produkt\/life-light-kapseln-hormon-balance-120-stk\/"},"modified":"2025-11-25T17:02:37","modified_gmt":"2025-11-25T16:02:37","slug":"life-light-kapseln-hormon-balance-120-stk","status":"publish","type":"product","link":"https:\/\/www.hirtenberg-apotheke.at\/katalog\/produkt\/life-light-kapseln-hormon-balance-120-stk\/","title":{"rendered":"Life Light Kapseln Hormon Balance 120 Stk."},"content":{"rendered":"<p>Life Light Kapseln Hormon Balance sind ein hochwertiger Mikron\u00e4hrstoffkomplex mit Frauenmantel und Yams Wurzel in Kombination mit B-Vitaminen und L-Tryptophan zur Erg\u00e4nzung der Ern\u00e4hrung vor der Menstruation. Die Wirkstoffkombination wirkt sehr ausgleichend auf die hormonelle Dysbalance in den Tagen der Menstruation.<\/p>\n","protected":false},"excerpt":{"rendered":"<p>Life Light Kapseln Hormon Balance sind ein hochwertiger Mikron\u00e4hrstoffkomplex mit Frauenmantel und Yams Wurzel in Kombination mit B-Vitaminen und L-Tryptophan zur Erg\u00e4nzung der Ern\u00e4hrung vor der Menstruation. Die Wirkstoffkombination wirkt sehr ausgleichend auf die hormonelle Dysbalance in den Tagen der Menstruation.<\/p>\n","protected":false},"featured_media":0,"template":"","meta":{"_acf_changed":false},"product_brand":[],"product_cat":[317],"product_tag":[],"class_list":{"0":"post-15457","1":"product","2":"type-product","3":"status-publish","5":"product_cat-l","6":"pa_packungsgroesse-120-stueck","8":"first","9":"instock","10":"shipping-taxable","11":"purchasable","12":"product-type-simple"},"acf":[],"_links":{"self":[{"href":"https:\/\/www.hirtenberg-apotheke.at\/katalog\/wp-json\/wp\/v2\/product\/15457","targetHints":{"allow":["GET"]}}],"collection":[{"href":"https:\/\/www.hirtenberg-apotheke.at\/katalog\/wp-json\/wp\/v2\/product"}],"about":[{"href":"https:\/\/www.hirtenberg-apotheke.at\/katalog\/wp-json\/wp\/v2\/types\/product"}],"wp:attachment":[{"href":"https:\/\/www.hirtenberg-apotheke.at\/katalog\/wp-json\/wp\/v2\/media?parent=15457"}],"wp:term":[{"taxonomy":"product_brand","embeddable":true,"href":"https:\/\/www.hirtenberg-apotheke.at\/katalog\/wp-json\/wp\/v2\/product_brand?post=15457"},{"taxonomy":"product_cat","embeddable":true,"href":"https:\/\/www.hirtenberg-apotheke.at\/katalog\/wp-json\/wp\/v2\/product_cat?post=15457"},{"taxonomy":"product_tag","embeddable":true,"href":"https:\/\/www.hirtenberg-apotheke.at\/katalog\/wp-json\/wp\/v2\/product_tag?post=15457"}],"curies":[{"name":"wp","href":"https:\/\/api.w.org\/{rel}","templated":true}]}}