{"id":15473,"date":"2025-11-25T17:02:47","date_gmt":"2025-11-25T16:02:47","guid":{"rendered":"https:\/\/www.hirtenberg-apotheke.at\/katalog\/produkt\/snoreeze-gaumenblaettchen-14-stk\/"},"modified":"2025-11-25T17:02:49","modified_gmt":"2025-11-25T16:02:49","slug":"snoreeze-gaumenblaettchen-14-stk","status":"publish","type":"product","link":"https:\/\/www.hirtenberg-apotheke.at\/katalog\/produkt\/snoreeze-gaumenblaettchen-14-stk\/","title":{"rendered":"Snoreeze Gaumenbl\u00e4ttchen 14 Stk."},"content":{"rendered":"<p>Snoreeze Gaumenbl\u00e4ttchen 14 Stk. befeuchten und geben dem weichen Gewebe im hinteren Teil des Rachens Spannung. Die Strips bew\u00e4hren sich bis zu 8 Stunden und wurden klinisch erprobt.<\/p>\n","protected":false},"excerpt":{"rendered":"<p>Snoreeze Gaumenbl\u00e4ttchen 14 Stk. befeuchten und geben dem weichen Gewebe im hinteren Teil des Rachens Spannung. Die Strips bew\u00e4hren sich bis zu 8 Stunden und wurden klinisch erprobt.<\/p>\n","protected":false},"featured_media":0,"template":"","meta":{"_acf_changed":false},"product_brand":[],"product_cat":[303],"product_tag":[],"class_list":{"0":"post-15473","1":"product","2":"type-product","3":"status-publish","5":"product_cat-s","6":"pa_packungsgroesse-14-stueck","8":"first","9":"instock","10":"shipping-taxable","11":"purchasable","12":"product-type-simple"},"acf":[],"_links":{"self":[{"href":"https:\/\/www.hirtenberg-apotheke.at\/katalog\/wp-json\/wp\/v2\/product\/15473","targetHints":{"allow":["GET"]}}],"collection":[{"href":"https:\/\/www.hirtenberg-apotheke.at\/katalog\/wp-json\/wp\/v2\/product"}],"about":[{"href":"https:\/\/www.hirtenberg-apotheke.at\/katalog\/wp-json\/wp\/v2\/types\/product"}],"wp:attachment":[{"href":"https:\/\/www.hirtenberg-apotheke.at\/katalog\/wp-json\/wp\/v2\/media?parent=15473"}],"wp:term":[{"taxonomy":"product_brand","embeddable":true,"href":"https:\/\/www.hirtenberg-apotheke.at\/katalog\/wp-json\/wp\/v2\/product_brand?post=15473"},{"taxonomy":"product_cat","embeddable":true,"href":"https:\/\/www.hirtenberg-apotheke.at\/katalog\/wp-json\/wp\/v2\/product_cat?post=15473"},{"taxonomy":"product_tag","embeddable":true,"href":"https:\/\/www.hirtenberg-apotheke.at\/katalog\/wp-json\/wp\/v2\/product_tag?post=15473"}],"curies":[{"name":"wp","href":"https:\/\/api.w.org\/{rel}","templated":true}]}}