{"id":15475,"date":"2025-11-25T17:02:47","date_gmt":"2025-11-25T16:02:47","guid":{"rendered":"https:\/\/www.hirtenberg-apotheke.at\/katalog\/produkt\/oekopharm-mann-andro-kapseln\/"},"modified":"2025-11-25T17:02:51","modified_gmt":"2025-11-25T16:02:51","slug":"oekopharm-mann-andro-kapseln","status":"publish","type":"product","link":"https:\/\/www.hirtenberg-apotheke.at\/katalog\/produkt\/oekopharm-mann-andro-kapseln\/","title":{"rendered":"\u00d6kopharm Mann Andro Kapseln"},"content":{"rendered":"<p>IMPULSMAN Kapseln enthalten zahlreiche, f\u00fcr die M\u00e4nnergesundheit hilfreiche N\u00e4hrstoffe f\u00fcr optimale k\u00f6rperliche Leistungsf\u00e4higkeit, ein gesundes Herz sowie die nat\u00fcrliche Balance der Sexualhormone.<\/p>\n","protected":false},"excerpt":{"rendered":"<p>IMPULSMAN Kapseln enthalten zahlreiche, f\u00fcr die M\u00e4nnergesundheit hilfreiche N\u00e4hrstoffe f\u00fcr optimale k\u00f6rperliche Leistungsf\u00e4higkeit, ein gesundes Herz sowie die nat\u00fcrliche Balance der Sexualhormone.<\/p>\n","protected":false},"featured_media":0,"template":"","meta":{"_acf_changed":false},"product_brand":[342],"product_cat":[299],"product_tag":[],"class_list":{"0":"post-15475","1":"product","2":"type-product","3":"status-publish","5":"product_brand-oekopharm","6":"product_cat-a","7":"pa_packungsgroesse-60-stueck","9":"first","10":"instock","11":"shipping-taxable","12":"purchasable","13":"product-type-simple"},"acf":[],"_links":{"self":[{"href":"https:\/\/www.hirtenberg-apotheke.at\/katalog\/wp-json\/wp\/v2\/product\/15475","targetHints":{"allow":["GET"]}}],"collection":[{"href":"https:\/\/www.hirtenberg-apotheke.at\/katalog\/wp-json\/wp\/v2\/product"}],"about":[{"href":"https:\/\/www.hirtenberg-apotheke.at\/katalog\/wp-json\/wp\/v2\/types\/product"}],"wp:attachment":[{"href":"https:\/\/www.hirtenberg-apotheke.at\/katalog\/wp-json\/wp\/v2\/media?parent=15475"}],"wp:term":[{"taxonomy":"product_brand","embeddable":true,"href":"https:\/\/www.hirtenberg-apotheke.at\/katalog\/wp-json\/wp\/v2\/product_brand?post=15475"},{"taxonomy":"product_cat","embeddable":true,"href":"https:\/\/www.hirtenberg-apotheke.at\/katalog\/wp-json\/wp\/v2\/product_cat?post=15475"},{"taxonomy":"product_tag","embeddable":true,"href":"https:\/\/www.hirtenberg-apotheke.at\/katalog\/wp-json\/wp\/v2\/product_tag?post=15475"}],"curies":[{"name":"wp","href":"https:\/\/api.w.org\/{rel}","templated":true}]}}