{"id":15489,"date":"2025-11-25T17:02:54","date_gmt":"2025-11-25T16:02:54","guid":{"rendered":"https:\/\/www.hirtenberg-apotheke.at\/katalog\/produkt\/folandrol-fuer-den-mann-60-stk\/"},"modified":"2025-11-25T17:03:03","modified_gmt":"2025-11-25T16:03:03","slug":"folandrol-fuer-den-mann-60-stk","status":"publish","type":"product","link":"https:\/\/www.hirtenberg-apotheke.at\/katalog\/produkt\/folandrol-fuer-den-mann-60-stk\/","title":{"rendered":"Folandrol f\u00fcr den Mann 60 Stk."},"content":{"rendered":"<p>Folandrol\u00ae f\u00fcr den Mann 60 Stk. verbessert mit dem enthaltene Myo-Inositol die Spermienqualit\u00e4t bei infertilen M\u00e4nnern, f\u00f6rdert die Fruchtbarkeit und unterst\u00fctzt beim Kinderwunsch. Folandrol\u00ae wurde speziell f\u00fcr die Bed\u00fcrfnisse von M\u00e4nnern entwickelt, die enthaltene Fols\u00e4ure wirkt zur Verminderung von M\u00fcdigkeit, Selen tr\u00e4gt zu einer normalen Spermabildung bei &#8211; jetzt stark preisreduziert bestellen!<\/p>\n","protected":false},"excerpt":{"rendered":"<p>Folandrol\u00ae f\u00fcr den Mann 60 Stk. verbessert mit dem enthaltene Myo-Inositol die Spermienqualit\u00e4t bei infertilen M\u00e4nnern, f\u00f6rdert die Fruchtbarkeit und unterst\u00fctzt beim Kinderwunsch. Folandrol\u00ae wurde speziell f\u00fcr die Bed\u00fcrfnisse von M\u00e4nnern entwickelt, die enthaltene Fols\u00e4ure wirkt zur Verminderung von M\u00fcdigkeit, Selen tr\u00e4gt zu einer normalen Spermabildung bei &#8211; jetzt stark preisreduziert bestellen!<\/p>\n","protected":false},"featured_media":0,"template":"","meta":{"_acf_changed":false},"product_brand":[],"product_cat":[322],"product_tag":[],"class_list":{"0":"post-15489","1":"product","2":"type-product","3":"status-publish","5":"product_cat-f","6":"pa_packungsgroesse-60-stueck","8":"first","9":"instock","10":"shipping-taxable","11":"purchasable","12":"product-type-simple"},"acf":[],"_links":{"self":[{"href":"https:\/\/www.hirtenberg-apotheke.at\/katalog\/wp-json\/wp\/v2\/product\/15489","targetHints":{"allow":["GET"]}}],"collection":[{"href":"https:\/\/www.hirtenberg-apotheke.at\/katalog\/wp-json\/wp\/v2\/product"}],"about":[{"href":"https:\/\/www.hirtenberg-apotheke.at\/katalog\/wp-json\/wp\/v2\/types\/product"}],"wp:attachment":[{"href":"https:\/\/www.hirtenberg-apotheke.at\/katalog\/wp-json\/wp\/v2\/media?parent=15489"}],"wp:term":[{"taxonomy":"product_brand","embeddable":true,"href":"https:\/\/www.hirtenberg-apotheke.at\/katalog\/wp-json\/wp\/v2\/product_brand?post=15489"},{"taxonomy":"product_cat","embeddable":true,"href":"https:\/\/www.hirtenberg-apotheke.at\/katalog\/wp-json\/wp\/v2\/product_cat?post=15489"},{"taxonomy":"product_tag","embeddable":true,"href":"https:\/\/www.hirtenberg-apotheke.at\/katalog\/wp-json\/wp\/v2\/product_tag?post=15489"}],"curies":[{"name":"wp","href":"https:\/\/api.w.org\/{rel}","templated":true}]}}