{"id":15497,"date":"2025-11-25T17:03:03","date_gmt":"2025-11-25T16:03:03","guid":{"rendered":"https:\/\/www.hirtenberg-apotheke.at\/katalog\/produkt\/euviril-complex-kapseln-120-stk\/"},"modified":"2025-11-25T17:03:08","modified_gmt":"2025-11-25T16:03:08","slug":"euviril-complex-kapseln-120-stk","status":"publish","type":"product","link":"https:\/\/www.hirtenberg-apotheke.at\/katalog\/produkt\/euviril-complex-kapseln-120-stk\/","title":{"rendered":"Euviril complex Kapseln 120 Stk."},"content":{"rendered":"<p>EUVIRIL\u00ae Complex Kapseln wurde speziell f\u00fcr M\u00e4nner entwickelt, um deren Erektionsf\u00e4higkeit zu unterst\u00fctzen und Gef\u00e4\u00dfverengungen di\u00e4tetisch zu behandeln. Die enthaltenen N\u00e4hrstoffe tragen dazu bei, die Gef\u00e4\u00dffunktionen und die Durchblutung, auch die des Penis, zu verbessern.<\/p>\n","protected":false},"excerpt":{"rendered":"<p>EUVIRIL\u00ae Complex Kapseln wurde speziell f\u00fcr M\u00e4nner entwickelt, um deren Erektionsf\u00e4higkeit zu unterst\u00fctzen und Gef\u00e4\u00dfverengungen di\u00e4tetisch zu behandeln. Die enthaltenen N\u00e4hrstoffe tragen dazu bei, die Gef\u00e4\u00dffunktionen und die Durchblutung, auch die des Penis, zu verbessern.<\/p>\n","protected":false},"featured_media":0,"template":"","meta":{"_acf_changed":false},"product_brand":[],"product_cat":[307],"product_tag":[],"class_list":{"0":"post-15497","1":"product","2":"type-product","3":"status-publish","5":"product_cat-e","6":"pa_packungsgroesse-120-stueck","8":"first","9":"instock","10":"shipping-taxable","11":"purchasable","12":"product-type-simple"},"acf":[],"_links":{"self":[{"href":"https:\/\/www.hirtenberg-apotheke.at\/katalog\/wp-json\/wp\/v2\/product\/15497","targetHints":{"allow":["GET"]}}],"collection":[{"href":"https:\/\/www.hirtenberg-apotheke.at\/katalog\/wp-json\/wp\/v2\/product"}],"about":[{"href":"https:\/\/www.hirtenberg-apotheke.at\/katalog\/wp-json\/wp\/v2\/types\/product"}],"wp:attachment":[{"href":"https:\/\/www.hirtenberg-apotheke.at\/katalog\/wp-json\/wp\/v2\/media?parent=15497"}],"wp:term":[{"taxonomy":"product_brand","embeddable":true,"href":"https:\/\/www.hirtenberg-apotheke.at\/katalog\/wp-json\/wp\/v2\/product_brand?post=15497"},{"taxonomy":"product_cat","embeddable":true,"href":"https:\/\/www.hirtenberg-apotheke.at\/katalog\/wp-json\/wp\/v2\/product_cat?post=15497"},{"taxonomy":"product_tag","embeddable":true,"href":"https:\/\/www.hirtenberg-apotheke.at\/katalog\/wp-json\/wp\/v2\/product_tag?post=15497"}],"curies":[{"name":"wp","href":"https:\/\/api.w.org\/{rel}","templated":true}]}}