{"id":15514,"date":"2025-11-25T17:03:18","date_gmt":"2025-11-25T16:03:18","guid":{"rendered":"https:\/\/www.hirtenberg-apotheke.at\/katalog\/produkt\/amitamin-fertilsan-mann-kapseln-90-stk\/"},"modified":"2025-11-25T17:03:22","modified_gmt":"2025-11-25T16:03:22","slug":"amitamin-fertilsan-mann-kapseln-90-stk","status":"publish","type":"product","link":"https:\/\/www.hirtenberg-apotheke.at\/katalog\/produkt\/amitamin-fertilsan-mann-kapseln-90-stk\/","title":{"rendered":"Amitamin Fertilsan Mann Kapseln 90 Stk."},"content":{"rendered":"<p>Amitamin Fertilsan Mann Kapseln sind eine erg\u00e4nzende bilanzierte Di\u00e4t zur di\u00e4tetischen Behandlung von M\u00e4nnern mit fehlern\u00e4hrungsbedingten Fertilit\u00e4tsst\u00f6rungen. Durch die ausgewogene und hochdosierte Kombination spezieller Mikron\u00e4hrstoffe kann fertilsan M dazu beitragen, die Qualit\u00e4t des m\u00e4nnlichen Spermas und damit die Fruchtbarkeit von M\u00e4nnern zu verbessern.<\/p>\n","protected":false},"excerpt":{"rendered":"<p>Amitamin Fertilsan Mann Kapseln sind eine erg\u00e4nzende bilanzierte Di\u00e4t zur di\u00e4tetischen Behandlung von M\u00e4nnern mit fehlern\u00e4hrungsbedingten Fertilit\u00e4tsst\u00f6rungen. Durch die ausgewogene und hochdosierte Kombination spezieller Mikron\u00e4hrstoffe kann fertilsan M dazu beitragen, die Qualit\u00e4t des m\u00e4nnlichen Spermas und damit die Fruchtbarkeit von M\u00e4nnern zu verbessern.<\/p>\n","protected":false},"featured_media":0,"template":"","meta":{"_acf_changed":false},"product_brand":[],"product_cat":[299],"product_tag":[],"class_list":{"0":"post-15514","1":"product","2":"type-product","3":"status-publish","5":"product_cat-a","6":"pa_packungsgroesse-90-stueck","8":"first","9":"instock","10":"shipping-taxable","11":"purchasable","12":"product-type-simple"},"acf":[],"_links":{"self":[{"href":"https:\/\/www.hirtenberg-apotheke.at\/katalog\/wp-json\/wp\/v2\/product\/15514","targetHints":{"allow":["GET"]}}],"collection":[{"href":"https:\/\/www.hirtenberg-apotheke.at\/katalog\/wp-json\/wp\/v2\/product"}],"about":[{"href":"https:\/\/www.hirtenberg-apotheke.at\/katalog\/wp-json\/wp\/v2\/types\/product"}],"wp:attachment":[{"href":"https:\/\/www.hirtenberg-apotheke.at\/katalog\/wp-json\/wp\/v2\/media?parent=15514"}],"wp:term":[{"taxonomy":"product_brand","embeddable":true,"href":"https:\/\/www.hirtenberg-apotheke.at\/katalog\/wp-json\/wp\/v2\/product_brand?post=15514"},{"taxonomy":"product_cat","embeddable":true,"href":"https:\/\/www.hirtenberg-apotheke.at\/katalog\/wp-json\/wp\/v2\/product_cat?post=15514"},{"taxonomy":"product_tag","embeddable":true,"href":"https:\/\/www.hirtenberg-apotheke.at\/katalog\/wp-json\/wp\/v2\/product_tag?post=15514"}],"curies":[{"name":"wp","href":"https:\/\/api.w.org\/{rel}","templated":true}]}}