{"id":15556,"date":"2025-11-25T17:03:44","date_gmt":"2025-11-25T16:03:44","guid":{"rendered":"https:\/\/www.hirtenberg-apotheke.at\/katalog\/produkt\/lysivir-direkt-kapseln\/"},"modified":"2025-11-25T17:03:53","modified_gmt":"2025-11-25T16:03:53","slug":"lysivir-direkt-kapseln","status":"publish","type":"product","link":"https:\/\/www.hirtenberg-apotheke.at\/katalog\/produkt\/lysivir-direkt-kapseln\/","title":{"rendered":"Lysivir direkt Kapseln"},"content":{"rendered":"<p>Lysivir Direkt ist eine innovative Kautablette zur Behandlung von Lippenherpes. Die Kautablette enth\u00e4lt eine ern\u00e4hrungsmedizinisch wertvolle Zusammensetzung an hoch dosiertem L-Lysin, Melissenextrakt, Selen, Zink, Vitaminen und Bioflavonoiden.L-Lysin unterst\u00fctzt den Organismus die Herpes Viren zu stoppen und die H\u00e4ufigkeit, die Dauer und die Symptome zu reduzieren.Melissenextrakt enth\u00e4lt als unterst\u00fctzende Komponente wertbestimmende Phenolcarbons\u00e4uren und \u00e4therische \u00d6le. Selen ist bekannt f\u00fcr die F\u00f6rderung des Austrocknens und Abheilens von Herpesbl\u00e4schen. Vitamin C, Zink, Vitamin D und Bioflavonoide sowie Fols\u00e4ure, Vitamin B2, B6, B12 st\u00e4rken die k\u00f6rpereigene Immunabwehr und unterst\u00fctzen die Regeneration der Haut.<\/p>\n","protected":false},"excerpt":{"rendered":"<p>Lysivir Direkt ist eine innovative Kautablette zur Behandlung von Lippenherpes. Die Kautablette enth\u00e4lt eine ern\u00e4hrungsmedizinisch wertvolle Zusammensetzung an hoch dosiertem L-Lysin, Melissenextrakt, Selen, Zink, Vitaminen und Bioflavonoiden.L-Lysin unterst\u00fctzt den Organismus die Herpes Viren zu stoppen und die H\u00e4ufigkeit, die Dauer und die Symptome zu reduzieren.Melissenextrakt enth\u00e4lt als unterst\u00fctzende Komponente wertbestimmende Phenolcarbons\u00e4uren und \u00e4therische \u00d6le. Selen [&hellip;]<\/p>\n","protected":false},"featured_media":0,"template":"","meta":{"_acf_changed":false},"product_brand":[],"product_cat":[317],"product_tag":[],"class_list":{"0":"post-15556","1":"product","2":"type-product","3":"status-publish","5":"product_cat-l","6":"pa_packungsgroesse-60-stueck","8":"first","9":"instock","10":"shipping-taxable","11":"purchasable","12":"product-type-simple"},"acf":[],"_links":{"self":[{"href":"https:\/\/www.hirtenberg-apotheke.at\/katalog\/wp-json\/wp\/v2\/product\/15556","targetHints":{"allow":["GET"]}}],"collection":[{"href":"https:\/\/www.hirtenberg-apotheke.at\/katalog\/wp-json\/wp\/v2\/product"}],"about":[{"href":"https:\/\/www.hirtenberg-apotheke.at\/katalog\/wp-json\/wp\/v2\/types\/product"}],"wp:attachment":[{"href":"https:\/\/www.hirtenberg-apotheke.at\/katalog\/wp-json\/wp\/v2\/media?parent=15556"}],"wp:term":[{"taxonomy":"product_brand","embeddable":true,"href":"https:\/\/www.hirtenberg-apotheke.at\/katalog\/wp-json\/wp\/v2\/product_brand?post=15556"},{"taxonomy":"product_cat","embeddable":true,"href":"https:\/\/www.hirtenberg-apotheke.at\/katalog\/wp-json\/wp\/v2\/product_cat?post=15556"},{"taxonomy":"product_tag","embeddable":true,"href":"https:\/\/www.hirtenberg-apotheke.at\/katalog\/wp-json\/wp\/v2\/product_tag?post=15556"}],"curies":[{"name":"wp","href":"https:\/\/api.w.org\/{rel}","templated":true}]}}