{"id":15615,"date":"2025-11-25T17:04:31","date_gmt":"2025-11-25T16:04:31","guid":{"rendered":"https:\/\/www.hirtenberg-apotheke.at\/katalog\/produkt\/pelgel-duschgel-150-ml\/"},"modified":"2025-11-25T17:04:38","modified_gmt":"2025-11-25T16:04:38","slug":"pelgel-duschgel-150-ml","status":"publish","type":"product","link":"https:\/\/www.hirtenberg-apotheke.at\/katalog\/produkt\/pelgel-duschgel-150-ml\/","title":{"rendered":"PelGel Duschgel 150 ml"},"content":{"rendered":"<p>PelGel Duschgel  ist ein r\u00fcckfettendes Duschgel mit Jojoba\u00f6l f\u00fcr trockene und empfindliche Haut. Zur t\u00e4glichen Reinigung und Pflege.<\/p>\n","protected":false},"excerpt":{"rendered":"<p>PelGel Duschgel ist ein r\u00fcckfettendes Duschgel mit Jojoba\u00f6l f\u00fcr trockene und empfindliche Haut. Zur t\u00e4glichen Reinigung und Pflege.<\/p>\n","protected":false},"featured_media":0,"template":"","meta":{"_acf_changed":false},"product_brand":[],"product_cat":[302],"product_tag":[],"class_list":{"0":"post-15615","1":"product","2":"type-product","3":"status-publish","5":"product_cat-p","6":"pa_packungsgroesse-150ml","8":"first","9":"instock","10":"shipping-taxable","11":"purchasable","12":"product-type-simple"},"acf":[],"_links":{"self":[{"href":"https:\/\/www.hirtenberg-apotheke.at\/katalog\/wp-json\/wp\/v2\/product\/15615","targetHints":{"allow":["GET"]}}],"collection":[{"href":"https:\/\/www.hirtenberg-apotheke.at\/katalog\/wp-json\/wp\/v2\/product"}],"about":[{"href":"https:\/\/www.hirtenberg-apotheke.at\/katalog\/wp-json\/wp\/v2\/types\/product"}],"wp:attachment":[{"href":"https:\/\/www.hirtenberg-apotheke.at\/katalog\/wp-json\/wp\/v2\/media?parent=15615"}],"wp:term":[{"taxonomy":"product_brand","embeddable":true,"href":"https:\/\/www.hirtenberg-apotheke.at\/katalog\/wp-json\/wp\/v2\/product_brand?post=15615"},{"taxonomy":"product_cat","embeddable":true,"href":"https:\/\/www.hirtenberg-apotheke.at\/katalog\/wp-json\/wp\/v2\/product_cat?post=15615"},{"taxonomy":"product_tag","embeddable":true,"href":"https:\/\/www.hirtenberg-apotheke.at\/katalog\/wp-json\/wp\/v2\/product_tag?post=15615"}],"curies":[{"name":"wp","href":"https:\/\/api.w.org\/{rel}","templated":true}]}}