{"id":15630,"date":"2025-11-25T17:04:45","date_gmt":"2025-11-25T16:04:45","guid":{"rendered":"https:\/\/www.hirtenberg-apotheke.at\/katalog\/produkt\/betadona-wundspray-30-g\/"},"modified":"2025-11-25T17:04:51","modified_gmt":"2025-11-25T16:04:51","slug":"betadona-wundspray-30-g","status":"publish","type":"product","link":"https:\/\/www.hirtenberg-apotheke.at\/katalog\/produkt\/betadona-wundspray-30-g\/","title":{"rendered":"Betadona Wundspray 30 g"},"content":{"rendered":"<p>Betadona Wundspray wirkt umfassend keimt\u00f6tend und ist wirksam gegen Bakterien, Pilze, Sporen, Viren und bestimmte Einzeller. Zuverl\u00e4ssige Wunddesinfektion verhindert weitgehend Infektionen und beg\u00fcnstigt eine rasche, problemlose Heilung.<\/p>\n","protected":false},"excerpt":{"rendered":"<p>Betadona Wundspray wirkt umfassend keimt\u00f6tend und ist wirksam gegen Bakterien, Pilze, Sporen, Viren und bestimmte Einzeller. Zuverl\u00e4ssige Wunddesinfektion verhindert weitgehend Infektionen und beg\u00fcnstigt eine rasche, problemlose Heilung.<\/p>\n","protected":false},"featured_media":0,"template":"","meta":{"_acf_changed":false},"product_brand":[],"product_cat":[292],"product_tag":[],"class_list":{"0":"post-15630","1":"product","2":"type-product","3":"status-publish","5":"product_cat-b","6":"pa_packungsgroesse-30g","8":"first","9":"instock","10":"shipping-taxable","11":"purchasable","12":"product-type-simple"},"acf":[],"_links":{"self":[{"href":"https:\/\/www.hirtenberg-apotheke.at\/katalog\/wp-json\/wp\/v2\/product\/15630","targetHints":{"allow":["GET"]}}],"collection":[{"href":"https:\/\/www.hirtenberg-apotheke.at\/katalog\/wp-json\/wp\/v2\/product"}],"about":[{"href":"https:\/\/www.hirtenberg-apotheke.at\/katalog\/wp-json\/wp\/v2\/types\/product"}],"wp:attachment":[{"href":"https:\/\/www.hirtenberg-apotheke.at\/katalog\/wp-json\/wp\/v2\/media?parent=15630"}],"wp:term":[{"taxonomy":"product_brand","embeddable":true,"href":"https:\/\/www.hirtenberg-apotheke.at\/katalog\/wp-json\/wp\/v2\/product_brand?post=15630"},{"taxonomy":"product_cat","embeddable":true,"href":"https:\/\/www.hirtenberg-apotheke.at\/katalog\/wp-json\/wp\/v2\/product_cat?post=15630"},{"taxonomy":"product_tag","embeddable":true,"href":"https:\/\/www.hirtenberg-apotheke.at\/katalog\/wp-json\/wp\/v2\/product_tag?post=15630"}],"curies":[{"name":"wp","href":"https:\/\/api.w.org\/{rel}","templated":true}]}}