{"id":15636,"date":"2025-11-25T17:04:52","date_gmt":"2025-11-25T16:04:52","guid":{"rendered":"https:\/\/www.hirtenberg-apotheke.at\/katalog\/produkt\/octenisept-gel-20-ml\/"},"modified":"2025-11-25T17:04:57","modified_gmt":"2025-11-25T16:04:57","slug":"octenisept-gel-20-ml","status":"publish","type":"product","link":"https:\/\/www.hirtenberg-apotheke.at\/katalog\/produkt\/octenisept-gel-20-ml\/","title":{"rendered":"Octenisept Gel 20 ml"},"content":{"rendered":"<p>Octenisept Gel bietet schnelle Hilfe bei akuten Wunden und leichten Verbrennungen. Es sch\u00fctzt vor Infektionen und Entz\u00fcndungen und f\u00f6rdert die nat\u00fcrliche Wundheilung.<\/p>\n","protected":false},"excerpt":{"rendered":"<p>Octenisept Gel bietet schnelle Hilfe bei akuten Wunden und leichten Verbrennungen. Es sch\u00fctzt vor Infektionen und Entz\u00fcndungen und f\u00f6rdert die nat\u00fcrliche Wundheilung.<\/p>\n","protected":false},"featured_media":0,"template":"","meta":{"_acf_changed":false},"product_brand":[],"product_cat":[349],"product_tag":[],"class_list":{"0":"post-15636","1":"product","2":"type-product","3":"status-publish","5":"product_cat-o","6":"pa_packungsgroesse-20ml","8":"first","9":"instock","10":"shipping-taxable","11":"purchasable","12":"product-type-simple"},"acf":[],"_links":{"self":[{"href":"https:\/\/www.hirtenberg-apotheke.at\/katalog\/wp-json\/wp\/v2\/product\/15636","targetHints":{"allow":["GET"]}}],"collection":[{"href":"https:\/\/www.hirtenberg-apotheke.at\/katalog\/wp-json\/wp\/v2\/product"}],"about":[{"href":"https:\/\/www.hirtenberg-apotheke.at\/katalog\/wp-json\/wp\/v2\/types\/product"}],"wp:attachment":[{"href":"https:\/\/www.hirtenberg-apotheke.at\/katalog\/wp-json\/wp\/v2\/media?parent=15636"}],"wp:term":[{"taxonomy":"product_brand","embeddable":true,"href":"https:\/\/www.hirtenberg-apotheke.at\/katalog\/wp-json\/wp\/v2\/product_brand?post=15636"},{"taxonomy":"product_cat","embeddable":true,"href":"https:\/\/www.hirtenberg-apotheke.at\/katalog\/wp-json\/wp\/v2\/product_cat?post=15636"},{"taxonomy":"product_tag","embeddable":true,"href":"https:\/\/www.hirtenberg-apotheke.at\/katalog\/wp-json\/wp\/v2\/product_tag?post=15636"}],"curies":[{"name":"wp","href":"https:\/\/api.w.org\/{rel}","templated":true}]}}