{"id":15674,"date":"2025-11-25T17:05:23","date_gmt":"2025-11-25T16:05:23","guid":{"rendered":"https:\/\/www.hirtenberg-apotheke.at\/katalog\/produkt\/exoderil-1-dermatologische-loesung-20-ml\/"},"modified":"2025-11-25T17:05:27","modified_gmt":"2025-11-25T16:05:27","slug":"exoderil-1-dermatologische-loesung-20-ml","status":"publish","type":"product","link":"https:\/\/www.hirtenberg-apotheke.at\/katalog\/produkt\/exoderil-1-dermatologische-loesung-20-ml\/","title":{"rendered":"Exoderil 1% dermatologische L\u00f6sung 20 ml"},"content":{"rendered":"<p>Exoderil 1% dermatologische L\u00f6sung ist f\u00fcr den \u00e4u\u00dferlichen Gebrauch bei Pilzinfektionen bestimmt und enth\u00e4lt als Wirkstoff Naftifin. Exoderil ist wirksam gegen Hautpilze, Hefepilze, Schimmelpilze und andere Pilze. Es wirkt auch gegen viele verschiedene Bakterien, die bei Menschen oft zusammen mit Pilzerkrankungen auftreten.<\/p>\n","protected":false},"excerpt":{"rendered":"<p>Exoderil 1% dermatologische L\u00f6sung ist f\u00fcr den \u00e4u\u00dferlichen Gebrauch bei Pilzinfektionen bestimmt und enth\u00e4lt als Wirkstoff Naftifin. Exoderil ist wirksam gegen Hautpilze, Hefepilze, Schimmelpilze und andere Pilze. Es wirkt auch gegen viele verschiedene Bakterien, die bei Menschen oft zusammen mit Pilzerkrankungen auftreten.<\/p>\n","protected":false},"featured_media":0,"template":"","meta":{"_acf_changed":false},"product_brand":[],"product_cat":[307],"product_tag":[],"class_list":{"0":"post-15674","1":"product","2":"type-product","3":"status-publish","5":"product_cat-e","6":"pa_packungsgroesse-20ml","8":"first","9":"instock","10":"shipping-taxable","11":"purchasable","12":"product-type-simple"},"acf":[],"_links":{"self":[{"href":"https:\/\/www.hirtenberg-apotheke.at\/katalog\/wp-json\/wp\/v2\/product\/15674","targetHints":{"allow":["GET"]}}],"collection":[{"href":"https:\/\/www.hirtenberg-apotheke.at\/katalog\/wp-json\/wp\/v2\/product"}],"about":[{"href":"https:\/\/www.hirtenberg-apotheke.at\/katalog\/wp-json\/wp\/v2\/types\/product"}],"wp:attachment":[{"href":"https:\/\/www.hirtenberg-apotheke.at\/katalog\/wp-json\/wp\/v2\/media?parent=15674"}],"wp:term":[{"taxonomy":"product_brand","embeddable":true,"href":"https:\/\/www.hirtenberg-apotheke.at\/katalog\/wp-json\/wp\/v2\/product_brand?post=15674"},{"taxonomy":"product_cat","embeddable":true,"href":"https:\/\/www.hirtenberg-apotheke.at\/katalog\/wp-json\/wp\/v2\/product_cat?post=15674"},{"taxonomy":"product_tag","embeddable":true,"href":"https:\/\/www.hirtenberg-apotheke.at\/katalog\/wp-json\/wp\/v2\/product_tag?post=15674"}],"curies":[{"name":"wp","href":"https:\/\/api.w.org\/{rel}","templated":true}]}}