{"id":15710,"date":"2025-11-25T17:05:53","date_gmt":"2025-11-25T16:05:53","guid":{"rendered":"https:\/\/www.hirtenberg-apotheke.at\/katalog\/produkt\/octenilin-wundspuelloesung-350-ml\/"},"modified":"2025-11-25T17:05:55","modified_gmt":"2025-11-25T16:05:55","slug":"octenilin-wundspuelloesung-350-ml","status":"publish","type":"product","link":"https:\/\/www.hirtenberg-apotheke.at\/katalog\/produkt\/octenilin-wundspuelloesung-350-ml\/","title":{"rendered":"Octenilin Wundsp\u00fcll\u00f6sung 350 ml"},"content":{"rendered":"<p>Octenilin Wundsp\u00fcll\u00f6sung dient zur Reinigung und Befeuchtung von chronischen Wunden. Die L\u00f6sung bewirkt eine schnelle und effektive Wundreinigung und wird auch zur Entfernung von Wundbel\u00e4gen aus nekrotischem Gewebe, Biofilm und Fibrinbel\u00e4gen. Es eignet sich auch f\u00fcr schwer zug\u00e4ngliche Oberfl\u00e4chen, etwa bei Fissuren und Wundtaschen..<\/p>\n","protected":false},"excerpt":{"rendered":"<p>Octenilin Wundsp\u00fcll\u00f6sung dient zur Reinigung und Befeuchtung von chronischen Wunden. Die L\u00f6sung bewirkt eine schnelle und effektive Wundreinigung und wird auch zur Entfernung von Wundbel\u00e4gen aus nekrotischem Gewebe, Biofilm und Fibrinbel\u00e4gen. Es eignet sich auch f\u00fcr schwer zug\u00e4ngliche Oberfl\u00e4chen, etwa bei Fissuren und Wundtaschen..<\/p>\n","protected":false},"featured_media":0,"template":"","meta":{"_acf_changed":false},"product_brand":[],"product_cat":[349],"product_tag":[],"class_list":{"0":"post-15710","1":"product","2":"type-product","3":"status-publish","5":"product_cat-o","6":"pa_packungsgroesse-350ml","8":"first","9":"instock","10":"shipping-taxable","11":"purchasable","12":"product-type-simple"},"acf":[],"_links":{"self":[{"href":"https:\/\/www.hirtenberg-apotheke.at\/katalog\/wp-json\/wp\/v2\/product\/15710","targetHints":{"allow":["GET"]}}],"collection":[{"href":"https:\/\/www.hirtenberg-apotheke.at\/katalog\/wp-json\/wp\/v2\/product"}],"about":[{"href":"https:\/\/www.hirtenberg-apotheke.at\/katalog\/wp-json\/wp\/v2\/types\/product"}],"wp:attachment":[{"href":"https:\/\/www.hirtenberg-apotheke.at\/katalog\/wp-json\/wp\/v2\/media?parent=15710"}],"wp:term":[{"taxonomy":"product_brand","embeddable":true,"href":"https:\/\/www.hirtenberg-apotheke.at\/katalog\/wp-json\/wp\/v2\/product_brand?post=15710"},{"taxonomy":"product_cat","embeddable":true,"href":"https:\/\/www.hirtenberg-apotheke.at\/katalog\/wp-json\/wp\/v2\/product_cat?post=15710"},{"taxonomy":"product_tag","embeddable":true,"href":"https:\/\/www.hirtenberg-apotheke.at\/katalog\/wp-json\/wp\/v2\/product_tag?post=15710"}],"curies":[{"name":"wp","href":"https:\/\/api.w.org\/{rel}","templated":true}]}}