{"id":15716,"date":"2025-11-25T17:05:53","date_gmt":"2025-11-25T16:05:53","guid":{"rendered":"https:\/\/www.hirtenberg-apotheke.at\/katalog\/produkt\/sterillium-med-haende-desinfektion\/"},"modified":"2025-11-25T17:05:59","modified_gmt":"2025-11-25T16:05:59","slug":"sterillium-med-haende-desinfektion","status":"publish","type":"product","link":"https:\/\/www.hirtenberg-apotheke.at\/katalog\/produkt\/sterillium-med-haende-desinfektion\/","title":{"rendered":"Sterillium med H\u00e4nde-Desinfektion"},"content":{"rendered":"<p>Ausreichend H\u00e4ndedesinfektionsmittel unverd\u00fcnnt auf den trockenen H\u00e4nden mind. 30 Sekunden einreiben. Nicht mit Wasser nachsp\u00fclen.<\/p>\n","protected":false},"excerpt":{"rendered":"<p>Ausreichend H\u00e4ndedesinfektionsmittel unverd\u00fcnnt auf den trockenen H\u00e4nden mind. 30 Sekunden einreiben. Nicht mit Wasser nachsp\u00fclen.<\/p>\n","protected":false},"featured_media":0,"template":"","meta":{"_acf_changed":false},"product_brand":[],"product_cat":[303],"product_tag":[],"class_list":{"0":"post-15716","1":"product","2":"type-product","3":"status-publish","5":"product_cat-s","6":"pa_packungsgroesse-500-ml-inklusive-pumpe","8":"first","9":"instock","10":"shipping-taxable","11":"purchasable","12":"product-type-simple"},"acf":[],"_links":{"self":[{"href":"https:\/\/www.hirtenberg-apotheke.at\/katalog\/wp-json\/wp\/v2\/product\/15716","targetHints":{"allow":["GET"]}}],"collection":[{"href":"https:\/\/www.hirtenberg-apotheke.at\/katalog\/wp-json\/wp\/v2\/product"}],"about":[{"href":"https:\/\/www.hirtenberg-apotheke.at\/katalog\/wp-json\/wp\/v2\/types\/product"}],"wp:attachment":[{"href":"https:\/\/www.hirtenberg-apotheke.at\/katalog\/wp-json\/wp\/v2\/media?parent=15716"}],"wp:term":[{"taxonomy":"product_brand","embeddable":true,"href":"https:\/\/www.hirtenberg-apotheke.at\/katalog\/wp-json\/wp\/v2\/product_brand?post=15716"},{"taxonomy":"product_cat","embeddable":true,"href":"https:\/\/www.hirtenberg-apotheke.at\/katalog\/wp-json\/wp\/v2\/product_cat?post=15716"},{"taxonomy":"product_tag","embeddable":true,"href":"https:\/\/www.hirtenberg-apotheke.at\/katalog\/wp-json\/wp\/v2\/product_tag?post=15716"}],"curies":[{"name":"wp","href":"https:\/\/api.w.org\/{rel}","templated":true}]}}