{"id":15718,"date":"2025-11-25T17:05:53","date_gmt":"2025-11-25T16:05:53","guid":{"rendered":"https:\/\/www.hirtenberg-apotheke.at\/katalog\/produkt\/humal-gelenksteilbad-12-g-10-stk\/"},"modified":"2025-11-25T17:06:06","modified_gmt":"2025-11-25T16:06:06","slug":"humal-gelenksteilbad-12-g-10-stk","status":"publish","type":"product","link":"https:\/\/www.hirtenberg-apotheke.at\/katalog\/produkt\/humal-gelenksteilbad-12-g-10-stk\/","title":{"rendered":"Humal Gelenksteilbad 12 g 10 Stk."},"content":{"rendered":"<p>Humal Gelenksteilbad ist wohltuend bei Verspannungen und Hexenschuss und\u00a0wirkt\u00a0regenerierend f\u00fcr Gelenke und Muskeln.<\/p>\n<p>&#13;<\/p>\n<p>Humins\u00e4uren werden traditionell in der Badetherapie angewendet, wobei die Dosierung des Gelenksteilbades auf die Verwendung nur f\u00fcr einen K\u00f6rperteil &#8211; zum Beispiel Arm oder Bein, abgestimmt ist. F\u00fcr die Verwendung als Vollbad ist das Humal Gelenksbad geeignet.\u00a0<\/p>\n<p>&#13;<\/p>\n<p>\u00a0<\/p>\n<p>&#13;<\/p>\n<p><strong>Wirkung<\/strong><\/p>\n<p>&#13;<\/p>\n<p>Die im Humal Gelenksteilbad enthaltenen Wirkstoffe Humins\u00e4ure und Salicyls\u00e4ure f\u00f6rdern die lokale Durchblutung, wodurch muskul\u00e4re Verspannungen und Schmerzen der Gelenke g\u00fcnstig beeinflusst werden k\u00f6nnen.<\/p>\n<p>&#13;<\/p>\n<p>Seit Jahrzehnten bew\u00e4hrt, war Humal fr\u00fcher als Arzneimittel erh\u00e4ltlich &#8211; aufgrund regulatorischer Anforderungen ist es nicht mehr m\u00f6glich, Humins\u00e4ure in Arzneimittelqualit\u00e4t zu erhalten und daher kann auch die Produktion nicht mehr als Arzneimittel erfolgen.<br \/>Die Rezeptur ist aber unver\u00e4ndert geblieben, und so wirkt unser Humal Gelenksteilbad genauso wie fr\u00fcher.<\/p>\n","protected":false},"excerpt":{"rendered":"<p>Humal Gelenksteilbad ist wohltuend bei Verspannungen und Hexenschuss und\u00a0wirkt\u00a0regenerierend f\u00fcr Gelenke und Muskeln. &#13; Humins\u00e4uren werden traditionell in der Badetherapie angewendet, wobei die Dosierung des Gelenksteilbades auf die Verwendung nur f\u00fcr einen K\u00f6rperteil &#8211; zum Beispiel Arm oder Bein, abgestimmt ist. F\u00fcr die Verwendung als Vollbad ist das Humal Gelenksbad geeignet.\u00a0 &#13; \u00a0 &#13; Wirkung [&hellip;]<\/p>\n","protected":false},"featured_media":0,"template":"","meta":{"_acf_changed":false},"product_brand":[],"product_cat":[330],"product_tag":[],"class_list":{"0":"post-15718","1":"product","2":"type-product","3":"status-publish","5":"product_cat-h","6":"pa_packungsgroesse-10-beutel","8":"first","9":"instock","10":"shipping-taxable","11":"purchasable","12":"product-type-simple"},"acf":[],"_links":{"self":[{"href":"https:\/\/www.hirtenberg-apotheke.at\/katalog\/wp-json\/wp\/v2\/product\/15718","targetHints":{"allow":["GET"]}}],"collection":[{"href":"https:\/\/www.hirtenberg-apotheke.at\/katalog\/wp-json\/wp\/v2\/product"}],"about":[{"href":"https:\/\/www.hirtenberg-apotheke.at\/katalog\/wp-json\/wp\/v2\/types\/product"}],"wp:attachment":[{"href":"https:\/\/www.hirtenberg-apotheke.at\/katalog\/wp-json\/wp\/v2\/media?parent=15718"}],"wp:term":[{"taxonomy":"product_brand","embeddable":true,"href":"https:\/\/www.hirtenberg-apotheke.at\/katalog\/wp-json\/wp\/v2\/product_brand?post=15718"},{"taxonomy":"product_cat","embeddable":true,"href":"https:\/\/www.hirtenberg-apotheke.at\/katalog\/wp-json\/wp\/v2\/product_cat?post=15718"},{"taxonomy":"product_tag","embeddable":true,"href":"https:\/\/www.hirtenberg-apotheke.at\/katalog\/wp-json\/wp\/v2\/product_tag?post=15718"}],"curies":[{"name":"wp","href":"https:\/\/api.w.org\/{rel}","templated":true}]}}