{"id":15729,"date":"2025-11-25T17:06:13","date_gmt":"2025-11-25T16:06:13","guid":{"rendered":"https:\/\/www.hirtenberg-apotheke.at\/katalog\/produkt\/acerbine-salbe-30-g\/"},"modified":"2025-11-25T17:06:16","modified_gmt":"2025-11-25T16:06:16","slug":"acerbine-salbe-30-g","status":"publish","type":"product","link":"https:\/\/www.hirtenberg-apotheke.at\/katalog\/produkt\/acerbine-salbe-30-g\/","title":{"rendered":"Acerbine Salbe 30 g"},"content":{"rendered":"<p>Acerbine Salbe wirkt desinfizierend, schmerzlindernd und beschleunigt die Wundheilung. Diese Salbe beg\u00fcnstigt zudem die Abl\u00f6sung von abgestorbenem Gewebe von der Wundoberfl\u00e4che und f\u00f6rdert gleichzeitig die Bildung von neuem, gesundem Gewebe.<\/p>\n","protected":false},"excerpt":{"rendered":"<p>Acerbine Salbe wirkt desinfizierend, schmerzlindernd und beschleunigt die Wundheilung. Diese Salbe beg\u00fcnstigt zudem die Abl\u00f6sung von abgestorbenem Gewebe von der Wundoberfl\u00e4che und f\u00f6rdert gleichzeitig die Bildung von neuem, gesundem Gewebe.<\/p>\n","protected":false},"featured_media":0,"template":"","meta":{"_acf_changed":false},"product_brand":[],"product_cat":[299],"product_tag":[],"class_list":{"0":"post-15729","1":"product","2":"type-product","3":"status-publish","5":"product_cat-a","6":"pa_packungsgroesse-30g","8":"first","9":"instock","10":"shipping-taxable","11":"purchasable","12":"product-type-simple"},"acf":[],"_links":{"self":[{"href":"https:\/\/www.hirtenberg-apotheke.at\/katalog\/wp-json\/wp\/v2\/product\/15729","targetHints":{"allow":["GET"]}}],"collection":[{"href":"https:\/\/www.hirtenberg-apotheke.at\/katalog\/wp-json\/wp\/v2\/product"}],"about":[{"href":"https:\/\/www.hirtenberg-apotheke.at\/katalog\/wp-json\/wp\/v2\/types\/product"}],"wp:attachment":[{"href":"https:\/\/www.hirtenberg-apotheke.at\/katalog\/wp-json\/wp\/v2\/media?parent=15729"}],"wp:term":[{"taxonomy":"product_brand","embeddable":true,"href":"https:\/\/www.hirtenberg-apotheke.at\/katalog\/wp-json\/wp\/v2\/product_brand?post=15729"},{"taxonomy":"product_cat","embeddable":true,"href":"https:\/\/www.hirtenberg-apotheke.at\/katalog\/wp-json\/wp\/v2\/product_cat?post=15729"},{"taxonomy":"product_tag","embeddable":true,"href":"https:\/\/www.hirtenberg-apotheke.at\/katalog\/wp-json\/wp\/v2\/product_tag?post=15729"}],"curies":[{"name":"wp","href":"https:\/\/api.w.org\/{rel}","templated":true}]}}