{"id":15740,"date":"2025-11-25T17:06:21","date_gmt":"2025-11-25T16:06:21","guid":{"rendered":"https:\/\/www.hirtenberg-apotheke.at\/katalog\/produkt\/pelsana-med-dexpanthenol-salbe-100-g\/"},"modified":"2025-11-25T17:06:26","modified_gmt":"2025-11-25T16:06:26","slug":"pelsana-med-dexpanthenol-salbe-100-g","status":"publish","type":"product","link":"https:\/\/www.hirtenberg-apotheke.at\/katalog\/produkt\/pelsana-med-dexpanthenol-salbe-100-g\/","title":{"rendered":"Pelsana Med Dexpanthenol Salbe 100 g"},"content":{"rendered":"<p>Pelsana med Salbe enth\u00e4lt als Wirkstoff Dexpanthenol. Dexpanthenol wird rasch in die Haut aufgenommen und in Pantothens\u00e4ure umgewandelt, die auch als \u00e2\u20ac\u017eHautvitamin\u00e2\u20ac\u0153 bezeichnet wird. Sie wirkt wundheilungsf\u00f6rdernd und entz\u00fcndungshemmend und spielt eine wesentliche Rolle im Zellstoffwechsel. Diese Salbe ist in den Packungsgr\u00f6\u00dfen 20 g und 100 g erh\u00e4ltlich.<\/p>\n","protected":false},"excerpt":{"rendered":"<p>Pelsana med Salbe enth\u00e4lt als Wirkstoff Dexpanthenol. Dexpanthenol wird rasch in die Haut aufgenommen und in Pantothens\u00e4ure umgewandelt, die auch als \u00e2\u20ac\u017eHautvitamin\u00e2\u20ac\u0153 bezeichnet wird. Sie wirkt wundheilungsf\u00f6rdernd und entz\u00fcndungshemmend und spielt eine wesentliche Rolle im Zellstoffwechsel. Diese Salbe ist in den Packungsgr\u00f6\u00dfen 20 g und 100 g erh\u00e4ltlich.<\/p>\n","protected":false},"featured_media":0,"template":"","meta":{"_acf_changed":false},"product_brand":[],"product_cat":[302],"product_tag":[],"class_list":{"0":"post-15740","1":"product","2":"type-product","3":"status-publish","5":"product_cat-p","6":"pa_packungsgroesse-100g","8":"first","9":"instock","10":"shipping-taxable","11":"purchasable","12":"product-type-simple"},"acf":[],"_links":{"self":[{"href":"https:\/\/www.hirtenberg-apotheke.at\/katalog\/wp-json\/wp\/v2\/product\/15740","targetHints":{"allow":["GET"]}}],"collection":[{"href":"https:\/\/www.hirtenberg-apotheke.at\/katalog\/wp-json\/wp\/v2\/product"}],"about":[{"href":"https:\/\/www.hirtenberg-apotheke.at\/katalog\/wp-json\/wp\/v2\/types\/product"}],"wp:attachment":[{"href":"https:\/\/www.hirtenberg-apotheke.at\/katalog\/wp-json\/wp\/v2\/media?parent=15740"}],"wp:term":[{"taxonomy":"product_brand","embeddable":true,"href":"https:\/\/www.hirtenberg-apotheke.at\/katalog\/wp-json\/wp\/v2\/product_brand?post=15740"},{"taxonomy":"product_cat","embeddable":true,"href":"https:\/\/www.hirtenberg-apotheke.at\/katalog\/wp-json\/wp\/v2\/product_cat?post=15740"},{"taxonomy":"product_tag","embeddable":true,"href":"https:\/\/www.hirtenberg-apotheke.at\/katalog\/wp-json\/wp\/v2\/product_tag?post=15740"}],"curies":[{"name":"wp","href":"https:\/\/api.w.org\/{rel}","templated":true}]}}