{"id":15750,"date":"2025-11-25T17:06:29","date_gmt":"2025-11-25T16:06:29","guid":{"rendered":"https:\/\/www.hirtenberg-apotheke.at\/katalog\/produkt\/bi-oil-200-ml\/"},"modified":"2025-11-25T17:06:35","modified_gmt":"2025-11-25T16:06:35","slug":"bi-oil-200-ml","status":"publish","type":"product","link":"https:\/\/www.hirtenberg-apotheke.at\/katalog\/produkt\/bi-oil-200-ml\/","title":{"rendered":"Bi-oil 200 ml"},"content":{"rendered":"<p>BI-OIL\u00ae ist ein spezielles Hautpflegeprodukt, entwickelt um das Erscheinungsbild von Narben, Dehnungsstreifen und ungleichm\u00e4\u00dfiger Hautt\u00f6nung zu verbessern. Es eignet sich dar\u00fcber hinaus zur Anwendung bei reifer und trockener Haut.<\/p>\n","protected":false},"excerpt":{"rendered":"<p>BI-OIL\u00ae ist ein spezielles Hautpflegeprodukt, entwickelt um das Erscheinungsbild von Narben, Dehnungsstreifen und ungleichm\u00e4\u00dfiger Hautt\u00f6nung zu verbessern. Es eignet sich dar\u00fcber hinaus zur Anwendung bei reifer und trockener Haut.<\/p>\n","protected":false},"featured_media":0,"template":"","meta":{"_acf_changed":false},"product_brand":[],"product_cat":[292],"product_tag":[],"class_list":{"0":"post-15750","1":"product","2":"type-product","3":"status-publish","5":"product_cat-b","6":"pa_packungsgroesse-200ml","8":"first","9":"instock","10":"shipping-taxable","11":"purchasable","12":"product-type-simple"},"acf":[],"_links":{"self":[{"href":"https:\/\/www.hirtenberg-apotheke.at\/katalog\/wp-json\/wp\/v2\/product\/15750","targetHints":{"allow":["GET"]}}],"collection":[{"href":"https:\/\/www.hirtenberg-apotheke.at\/katalog\/wp-json\/wp\/v2\/product"}],"about":[{"href":"https:\/\/www.hirtenberg-apotheke.at\/katalog\/wp-json\/wp\/v2\/types\/product"}],"wp:attachment":[{"href":"https:\/\/www.hirtenberg-apotheke.at\/katalog\/wp-json\/wp\/v2\/media?parent=15750"}],"wp:term":[{"taxonomy":"product_brand","embeddable":true,"href":"https:\/\/www.hirtenberg-apotheke.at\/katalog\/wp-json\/wp\/v2\/product_brand?post=15750"},{"taxonomy":"product_cat","embeddable":true,"href":"https:\/\/www.hirtenberg-apotheke.at\/katalog\/wp-json\/wp\/v2\/product_cat?post=15750"},{"taxonomy":"product_tag","embeddable":true,"href":"https:\/\/www.hirtenberg-apotheke.at\/katalog\/wp-json\/wp\/v2\/product_tag?post=15750"}],"curies":[{"name":"wp","href":"https:\/\/api.w.org\/{rel}","templated":true}]}}