{"id":15760,"date":"2025-11-25T17:06:38","date_gmt":"2025-11-25T16:06:38","guid":{"rendered":"https:\/\/www.hirtenberg-apotheke.at\/katalog\/produkt\/vivamel-medizinischer-honig-20-g-tube-1-stk\/"},"modified":"2025-11-25T17:06:44","modified_gmt":"2025-11-25T16:06:44","slug":"vivamel-medizinischer-honig-20-g-tube-1-stk","status":"publish","type":"product","link":"https:\/\/www.hirtenberg-apotheke.at\/katalog\/produkt\/vivamel-medizinischer-honig-20-g-tube-1-stk\/","title":{"rendered":"Vivamel Medizinischer Honig 20 g Tube 1 Stk."},"content":{"rendered":"<p>Vivamel Medizinischer Honig 20 g Tube wird in der Therapie akuter und chronischer Wunden erfolgreich eingesetzt. Dazu z\u00e4hlen etwa chirurgische und traumatische Wunden, Verbrennungen und Druckgeschw\u00fcre. Der Honig wirkt bakteriostatisch und sch\u00fctzt vor Wundinfektion, reduziert Wund\u00f6dem und Wundgeruch und unterst\u00fctzt zudem aktiv die Wundreinigung. F\u00fcr einen schmerzarmen Verbandswechsel.<\/p>\n","protected":false},"excerpt":{"rendered":"<p>Vivamel Medizinischer Honig 20 g Tube wird in der Therapie akuter und chronischer Wunden erfolgreich eingesetzt. Dazu z\u00e4hlen etwa chirurgische und traumatische Wunden, Verbrennungen und Druckgeschw\u00fcre. Der Honig wirkt bakteriostatisch und sch\u00fctzt vor Wundinfektion, reduziert Wund\u00f6dem und Wundgeruch und unterst\u00fctzt zudem aktiv die Wundreinigung. F\u00fcr einen schmerzarmen Verbandswechsel.<\/p>\n","protected":false},"featured_media":0,"template":"","meta":{"_acf_changed":false},"product_brand":[],"product_cat":[300],"product_tag":[],"class_list":{"0":"post-15760","1":"product","2":"type-product","3":"status-publish","5":"product_cat-v","6":"pa_packungsgroesse-1-stueck","8":"first","9":"instock","10":"shipping-taxable","11":"purchasable","12":"product-type-simple"},"acf":[],"_links":{"self":[{"href":"https:\/\/www.hirtenberg-apotheke.at\/katalog\/wp-json\/wp\/v2\/product\/15760","targetHints":{"allow":["GET"]}}],"collection":[{"href":"https:\/\/www.hirtenberg-apotheke.at\/katalog\/wp-json\/wp\/v2\/product"}],"about":[{"href":"https:\/\/www.hirtenberg-apotheke.at\/katalog\/wp-json\/wp\/v2\/types\/product"}],"wp:attachment":[{"href":"https:\/\/www.hirtenberg-apotheke.at\/katalog\/wp-json\/wp\/v2\/media?parent=15760"}],"wp:term":[{"taxonomy":"product_brand","embeddable":true,"href":"https:\/\/www.hirtenberg-apotheke.at\/katalog\/wp-json\/wp\/v2\/product_brand?post=15760"},{"taxonomy":"product_cat","embeddable":true,"href":"https:\/\/www.hirtenberg-apotheke.at\/katalog\/wp-json\/wp\/v2\/product_cat?post=15760"},{"taxonomy":"product_tag","embeddable":true,"href":"https:\/\/www.hirtenberg-apotheke.at\/katalog\/wp-json\/wp\/v2\/product_tag?post=15760"}],"curies":[{"name":"wp","href":"https:\/\/api.w.org\/{rel}","templated":true}]}}