{"id":15788,"date":"2025-11-25T17:07:00","date_gmt":"2025-11-25T16:07:00","guid":{"rendered":"https:\/\/www.hirtenberg-apotheke.at\/katalog\/produkt\/kolloidale-silberloesung-250-ml-1-ppm-mag\/"},"modified":"2025-11-25T17:07:05","modified_gmt":"2025-11-25T16:07:05","slug":"kolloidale-silberloesung-250-ml-1-ppm-mag","status":"publish","type":"product","link":"https:\/\/www.hirtenberg-apotheke.at\/katalog\/produkt\/kolloidale-silberloesung-250-ml-1-ppm-mag\/","title":{"rendered":"Kolloidale Silberl\u00f6sung 250 ml 1 ppm Mag"},"content":{"rendered":"<p>Kolloidale Silberl\u00f6sung ist eine homogene L\u00f6sung aus feinsten Silber-Partikeln in purifiziertem Wasser. Silber ist als Biozid geeignet Trinkwasser l\u00e4nger haltbar zu machen.  Auf Grund seines oligodynamischen Effektes wirkt es gegen Mikroorganismen, Bakterien, Viren und Pilze.<\/p>\n","protected":false},"excerpt":{"rendered":"<p>Kolloidale Silberl\u00f6sung ist eine homogene L\u00f6sung aus feinsten Silber-Partikeln in purifiziertem Wasser. Silber ist als Biozid geeignet Trinkwasser l\u00e4nger haltbar zu machen. Auf Grund seines oligodynamischen Effektes wirkt es gegen Mikroorganismen, Bakterien, Viren und Pilze.<\/p>\n","protected":false},"featured_media":0,"template":"","meta":{"_acf_changed":false},"product_brand":[],"product_cat":[387],"product_tag":[],"class_list":{"0":"post-15788","1":"product","2":"type-product","3":"status-publish","5":"product_cat-k","6":"pa_packungsgroesse-250ml","8":"first","9":"instock","10":"shipping-taxable","11":"purchasable","12":"product-type-simple"},"acf":[],"_links":{"self":[{"href":"https:\/\/www.hirtenberg-apotheke.at\/katalog\/wp-json\/wp\/v2\/product\/15788","targetHints":{"allow":["GET"]}}],"collection":[{"href":"https:\/\/www.hirtenberg-apotheke.at\/katalog\/wp-json\/wp\/v2\/product"}],"about":[{"href":"https:\/\/www.hirtenberg-apotheke.at\/katalog\/wp-json\/wp\/v2\/types\/product"}],"wp:attachment":[{"href":"https:\/\/www.hirtenberg-apotheke.at\/katalog\/wp-json\/wp\/v2\/media?parent=15788"}],"wp:term":[{"taxonomy":"product_brand","embeddable":true,"href":"https:\/\/www.hirtenberg-apotheke.at\/katalog\/wp-json\/wp\/v2\/product_brand?post=15788"},{"taxonomy":"product_cat","embeddable":true,"href":"https:\/\/www.hirtenberg-apotheke.at\/katalog\/wp-json\/wp\/v2\/product_cat?post=15788"},{"taxonomy":"product_tag","embeddable":true,"href":"https:\/\/www.hirtenberg-apotheke.at\/katalog\/wp-json\/wp\/v2\/product_tag?post=15788"}],"curies":[{"name":"wp","href":"https:\/\/api.w.org\/{rel}","templated":true}]}}