{"id":15851,"date":"2025-11-25T17:07:45","date_gmt":"2025-11-25T16:07:45","guid":{"rendered":"https:\/\/www.hirtenberg-apotheke.at\/katalog\/produkt\/l-mesitran-wundsalbe-20-g\/"},"modified":"2025-11-25T17:07:55","modified_gmt":"2025-11-25T16:07:55","slug":"l-mesitran-wundsalbe-20-g","status":"publish","type":"product","link":"https:\/\/www.hirtenberg-apotheke.at\/katalog\/produkt\/l-mesitran-wundsalbe-20-g\/","title":{"rendered":"L-Mesitran Wundsalbe 20 g"},"content":{"rendered":"<p>L-Mesitran Wundsalbe ist eine Wundsalbe mit 48% sterilem, medizinischem Honig, Ringelblumen-Extrakt, Aloe barbadensis-Extrakt, Lebertran\u00f6l und Zinkoxid. Die Salbe f\u00f6rdert die Wundreinigung, entfernt Nekrosen und Fibrinbel\u00e4ge, wirkt antibakteriell und beschleunigt zudem die Wundheilung.<\/p>\n","protected":false},"excerpt":{"rendered":"<p>L-Mesitran Wundsalbe ist eine Wundsalbe mit 48% sterilem, medizinischem Honig, Ringelblumen-Extrakt, Aloe barbadensis-Extrakt, Lebertran\u00f6l und Zinkoxid. Die Salbe f\u00f6rdert die Wundreinigung, entfernt Nekrosen und Fibrinbel\u00e4ge, wirkt antibakteriell und beschleunigt zudem die Wundheilung.<\/p>\n","protected":false},"featured_media":0,"template":"","meta":{"_acf_changed":false},"product_brand":[],"product_cat":[317],"product_tag":[],"class_list":{"0":"post-15851","1":"product","2":"type-product","3":"status-publish","5":"product_cat-l","6":"pa_packungsgroesse-20g","8":"first","9":"instock","10":"shipping-taxable","11":"purchasable","12":"product-type-simple"},"acf":[],"_links":{"self":[{"href":"https:\/\/www.hirtenberg-apotheke.at\/katalog\/wp-json\/wp\/v2\/product\/15851","targetHints":{"allow":["GET"]}}],"collection":[{"href":"https:\/\/www.hirtenberg-apotheke.at\/katalog\/wp-json\/wp\/v2\/product"}],"about":[{"href":"https:\/\/www.hirtenberg-apotheke.at\/katalog\/wp-json\/wp\/v2\/types\/product"}],"wp:attachment":[{"href":"https:\/\/www.hirtenberg-apotheke.at\/katalog\/wp-json\/wp\/v2\/media?parent=15851"}],"wp:term":[{"taxonomy":"product_brand","embeddable":true,"href":"https:\/\/www.hirtenberg-apotheke.at\/katalog\/wp-json\/wp\/v2\/product_brand?post=15851"},{"taxonomy":"product_cat","embeddable":true,"href":"https:\/\/www.hirtenberg-apotheke.at\/katalog\/wp-json\/wp\/v2\/product_cat?post=15851"},{"taxonomy":"product_tag","embeddable":true,"href":"https:\/\/www.hirtenberg-apotheke.at\/katalog\/wp-json\/wp\/v2\/product_tag?post=15851"}],"curies":[{"name":"wp","href":"https:\/\/api.w.org\/{rel}","templated":true}]}}