{"id":16016,"date":"2025-11-25T17:09:50","date_gmt":"2025-11-25T16:09:50","guid":{"rendered":"https:\/\/www.hirtenberg-apotheke.at\/katalog\/produkt\/bioderma-cicabio-arnica-wundcreme-40-ml\/"},"modified":"2025-11-25T17:09:52","modified_gmt":"2025-11-25T16:09:52","slug":"bioderma-cicabio-arnica-wundcreme-40-ml","status":"publish","type":"product","link":"https:\/\/www.hirtenberg-apotheke.at\/katalog\/produkt\/bioderma-cicabio-arnica-wundcreme-40-ml\/","title":{"rendered":"Bioderma Cicabio Arnica+ Wundcreme 40 ml"},"content":{"rendered":"<p>Bioderma Cicabio Arnica+ Wundcreme 40 ml  zeigt eine beruhigende Wirkung auf das unangenehme Gef\u00fchl gesch\u00e4digter Haut durch die biologische Wirkung des Wirkstoffs ANTALGICINE\u2122.  Die Pflegeformel kombiniert: Einen Arnika-Auszug und Apigenin, die zusammen den schnellen und gezielten Abbau von Pigmenten f\u00f6rdern, die f\u00fcr die F\u00e4rbung der Haut verantwortlich sind. Zink hemmt die Vermehrung von Bakterien.<\/p>\n","protected":false},"excerpt":{"rendered":"<p>Bioderma Cicabio Arnica+ Wundcreme 40 ml zeigt eine beruhigende Wirkung auf das unangenehme Gef\u00fchl gesch\u00e4digter Haut durch die biologische Wirkung des Wirkstoffs ANTALGICINE\u2122. Die Pflegeformel kombiniert: Einen Arnika-Auszug und Apigenin, die zusammen den schnellen und gezielten Abbau von Pigmenten f\u00f6rdern, die f\u00fcr die F\u00e4rbung der Haut verantwortlich sind. Zink hemmt die Vermehrung von Bakterien.<\/p>\n","protected":false},"featured_media":0,"template":"","meta":{"_acf_changed":false},"product_brand":[675],"product_cat":[292],"product_tag":[],"class_list":{"0":"post-16016","1":"product","2":"type-product","3":"status-publish","5":"product_brand-bioderma","6":"product_cat-b","7":"pa_packungsgroesse-40ml","9":"first","10":"instock","11":"shipping-taxable","12":"purchasable","13":"product-type-simple"},"acf":[],"_links":{"self":[{"href":"https:\/\/www.hirtenberg-apotheke.at\/katalog\/wp-json\/wp\/v2\/product\/16016","targetHints":{"allow":["GET"]}}],"collection":[{"href":"https:\/\/www.hirtenberg-apotheke.at\/katalog\/wp-json\/wp\/v2\/product"}],"about":[{"href":"https:\/\/www.hirtenberg-apotheke.at\/katalog\/wp-json\/wp\/v2\/types\/product"}],"wp:attachment":[{"href":"https:\/\/www.hirtenberg-apotheke.at\/katalog\/wp-json\/wp\/v2\/media?parent=16016"}],"wp:term":[{"taxonomy":"product_brand","embeddable":true,"href":"https:\/\/www.hirtenberg-apotheke.at\/katalog\/wp-json\/wp\/v2\/product_brand?post=16016"},{"taxonomy":"product_cat","embeddable":true,"href":"https:\/\/www.hirtenberg-apotheke.at\/katalog\/wp-json\/wp\/v2\/product_cat?post=16016"},{"taxonomy":"product_tag","embeddable":true,"href":"https:\/\/www.hirtenberg-apotheke.at\/katalog\/wp-json\/wp\/v2\/product_tag?post=16016"}],"curies":[{"name":"wp","href":"https:\/\/api.w.org\/{rel}","templated":true}]}}