{"id":16130,"date":"2025-11-25T17:11:08","date_gmt":"2025-11-25T16:11:08","guid":{"rendered":"https:\/\/www.hirtenberg-apotheke.at\/katalog\/produkt\/vitamin-fettcreme-12-dose-250-ml\/"},"modified":"2025-11-25T17:11:10","modified_gmt":"2025-11-25T16:11:10","slug":"vitamin-fettcreme-12-dose-250-ml","status":"publish","type":"product","link":"https:\/\/www.hirtenberg-apotheke.at\/katalog\/produkt\/vitamin-fettcreme-12-dose-250-ml\/","title":{"rendered":"Vitamin Fettcreme 12 Dose 250 ml"},"content":{"rendered":"<p>Die Vitamin Fettcreme 12 in der Dose spendet strapazierter Haut schnell Feuchtigkeit und f\u00fchrt ihr Fette und N\u00e4hrstoffe zu. Geeignet f\u00fcr H\u00e4nde, Gesicht und K\u00f6rper.<\/p>\n","protected":false},"excerpt":{"rendered":"<p>Die Vitamin Fettcreme 12 in der Dose spendet strapazierter Haut schnell Feuchtigkeit und f\u00fchrt ihr Fette und N\u00e4hrstoffe zu. Geeignet f\u00fcr H\u00e4nde, Gesicht und K\u00f6rper.<\/p>\n","protected":false},"featured_media":0,"template":"","meta":{"_acf_changed":false},"product_brand":[],"product_cat":[300],"product_tag":[],"class_list":{"0":"post-16130","1":"product","2":"type-product","3":"status-publish","5":"product_cat-v","6":"pa_packungsgroesse-250ml","8":"first","9":"instock","10":"shipping-taxable","11":"purchasable","12":"product-type-simple"},"acf":[],"_links":{"self":[{"href":"https:\/\/www.hirtenberg-apotheke.at\/katalog\/wp-json\/wp\/v2\/product\/16130","targetHints":{"allow":["GET"]}}],"collection":[{"href":"https:\/\/www.hirtenberg-apotheke.at\/katalog\/wp-json\/wp\/v2\/product"}],"about":[{"href":"https:\/\/www.hirtenberg-apotheke.at\/katalog\/wp-json\/wp\/v2\/types\/product"}],"wp:attachment":[{"href":"https:\/\/www.hirtenberg-apotheke.at\/katalog\/wp-json\/wp\/v2\/media?parent=16130"}],"wp:term":[{"taxonomy":"product_brand","embeddable":true,"href":"https:\/\/www.hirtenberg-apotheke.at\/katalog\/wp-json\/wp\/v2\/product_brand?post=16130"},{"taxonomy":"product_cat","embeddable":true,"href":"https:\/\/www.hirtenberg-apotheke.at\/katalog\/wp-json\/wp\/v2\/product_cat?post=16130"},{"taxonomy":"product_tag","embeddable":true,"href":"https:\/\/www.hirtenberg-apotheke.at\/katalog\/wp-json\/wp\/v2\/product_tag?post=16130"}],"curies":[{"name":"wp","href":"https:\/\/api.w.org\/{rel}","templated":true}]}}