{"id":16153,"date":"2025-11-25T17:11:18","date_gmt":"2025-11-25T16:11:18","guid":{"rendered":"https:\/\/www.hirtenberg-apotheke.at\/katalog\/produkt\/ruticelit-kraeuterextrakt-creme-50-ml\/"},"modified":"2025-11-25T17:11:22","modified_gmt":"2025-11-25T16:11:22","slug":"ruticelit-kraeuterextrakt-creme-50-ml","status":"publish","type":"product","link":"https:\/\/www.hirtenberg-apotheke.at\/katalog\/produkt\/ruticelit-kraeuterextrakt-creme-50-ml\/","title":{"rendered":"Ruticelit Kr\u00e4uterextrakt Creme 50 ml"},"content":{"rendered":"<p>Ruticelit Kr\u00e4uterextrakt Creme eignet sich hervorragend bei Blutgef\u00e4\u00dferkrankungen und bei Quetschungen. Die Creme ist auch als Erg\u00e4nzung bei onkologischen Hauterkrankungen und bei Geweberegeneration nach Bestrahlungen sehr hilfreich. Die Creme wirkt beruhigend bei Folgeerscheinungen und beschleunigt die Regeneration nach Sonnenbrand.<\/p>\n","protected":false},"excerpt":{"rendered":"<p>Ruticelit Kr\u00e4uterextrakt Creme eignet sich hervorragend bei Blutgef\u00e4\u00dferkrankungen und bei Quetschungen. Die Creme ist auch als Erg\u00e4nzung bei onkologischen Hauterkrankungen und bei Geweberegeneration nach Bestrahlungen sehr hilfreich. Die Creme wirkt beruhigend bei Folgeerscheinungen und beschleunigt die Regeneration nach Sonnenbrand.<\/p>\n","protected":false},"featured_media":0,"template":"","meta":{"_acf_changed":false},"product_brand":[],"product_cat":[311],"product_tag":[],"class_list":{"0":"post-16153","1":"product","2":"type-product","3":"status-publish","5":"product_cat-r","6":"pa_packungsgroesse-50ml","8":"first","9":"instock","10":"shipping-taxable","11":"purchasable","12":"product-type-simple"},"acf":[],"_links":{"self":[{"href":"https:\/\/www.hirtenberg-apotheke.at\/katalog\/wp-json\/wp\/v2\/product\/16153","targetHints":{"allow":["GET"]}}],"collection":[{"href":"https:\/\/www.hirtenberg-apotheke.at\/katalog\/wp-json\/wp\/v2\/product"}],"about":[{"href":"https:\/\/www.hirtenberg-apotheke.at\/katalog\/wp-json\/wp\/v2\/types\/product"}],"wp:attachment":[{"href":"https:\/\/www.hirtenberg-apotheke.at\/katalog\/wp-json\/wp\/v2\/media?parent=16153"}],"wp:term":[{"taxonomy":"product_brand","embeddable":true,"href":"https:\/\/www.hirtenberg-apotheke.at\/katalog\/wp-json\/wp\/v2\/product_brand?post=16153"},{"taxonomy":"product_cat","embeddable":true,"href":"https:\/\/www.hirtenberg-apotheke.at\/katalog\/wp-json\/wp\/v2\/product_cat?post=16153"},{"taxonomy":"product_tag","embeddable":true,"href":"https:\/\/www.hirtenberg-apotheke.at\/katalog\/wp-json\/wp\/v2\/product_tag?post=16153"}],"curies":[{"name":"wp","href":"https:\/\/api.w.org\/{rel}","templated":true}]}}