{"id":16168,"date":"2025-11-25T17:11:22","date_gmt":"2025-11-25T16:11:22","guid":{"rendered":"https:\/\/www.hirtenberg-apotheke.at\/katalog\/produkt\/nobite-hautspray-100-ml\/"},"modified":"2025-11-25T17:11:30","modified_gmt":"2025-11-25T16:11:30","slug":"nobite-hautspray-100-ml","status":"publish","type":"product","link":"https:\/\/www.hirtenberg-apotheke.at\/katalog\/produkt\/nobite-hautspray-100-ml\/","title":{"rendered":"NOBITE Hautspray 100 ml"},"content":{"rendered":"<p>NOBITE Hautspray ist ein hochwirksames Insektenschutzmittel. Der Spray sch\u00fctzt die behandelten Hautpartien f\u00fcr mehrere Stunden vor Moskitos und au\u00dferdem vor Zecken.<\/p>\n","protected":false},"excerpt":{"rendered":"<p>NOBITE Hautspray ist ein hochwirksames Insektenschutzmittel. Der Spray sch\u00fctzt die behandelten Hautpartien f\u00fcr mehrere Stunden vor Moskitos und au\u00dferdem vor Zecken.<\/p>\n","protected":false},"featured_media":0,"template":"","meta":{"_acf_changed":false},"product_brand":[],"product_cat":[310],"product_tag":[],"class_list":{"0":"post-16168","1":"product","2":"type-product","3":"status-publish","5":"product_cat-n","6":"pa_packungsgroesse-100ml","8":"first","9":"instock","10":"shipping-taxable","11":"purchasable","12":"product-type-simple"},"acf":[],"_links":{"self":[{"href":"https:\/\/www.hirtenberg-apotheke.at\/katalog\/wp-json\/wp\/v2\/product\/16168","targetHints":{"allow":["GET"]}}],"collection":[{"href":"https:\/\/www.hirtenberg-apotheke.at\/katalog\/wp-json\/wp\/v2\/product"}],"about":[{"href":"https:\/\/www.hirtenberg-apotheke.at\/katalog\/wp-json\/wp\/v2\/types\/product"}],"wp:attachment":[{"href":"https:\/\/www.hirtenberg-apotheke.at\/katalog\/wp-json\/wp\/v2\/media?parent=16168"}],"wp:term":[{"taxonomy":"product_brand","embeddable":true,"href":"https:\/\/www.hirtenberg-apotheke.at\/katalog\/wp-json\/wp\/v2\/product_brand?post=16168"},{"taxonomy":"product_cat","embeddable":true,"href":"https:\/\/www.hirtenberg-apotheke.at\/katalog\/wp-json\/wp\/v2\/product_cat?post=16168"},{"taxonomy":"product_tag","embeddable":true,"href":"https:\/\/www.hirtenberg-apotheke.at\/katalog\/wp-json\/wp\/v2\/product_tag?post=16168"}],"curies":[{"name":"wp","href":"https:\/\/api.w.org\/{rel}","templated":true}]}}