{"id":16178,"date":"2025-11-25T17:11:29","date_gmt":"2025-11-25T16:11:29","guid":{"rendered":"https:\/\/www.hirtenberg-apotheke.at\/katalog\/produkt\/gelsenspray-fullaverde-100-ml\/"},"modified":"2025-11-25T17:11:35","modified_gmt":"2025-11-25T16:11:35","slug":"gelsenspray-fullaverde-100-ml","status":"publish","type":"product","link":"https:\/\/www.hirtenberg-apotheke.at\/katalog\/produkt\/gelsenspray-fullaverde-100-ml\/","title":{"rendered":"Gelsenspray Fullaverde 100 ml"},"content":{"rendered":"<p>Gelsenspray Fullaverde wirkt bis zu 6 Stunden zuverl\u00e4ssig gegen Gelsen, Zecken, Bremsen, Wespen und Fliegen. Der hochwertiger Wirkstoff wird aus den Bl\u00e4ttern des Lemonen-Eukalyptus gewonnen. Der Spray wirkt angenehm k\u00fchlend und zeichnet sich durch einen angenehmen Geruch aus. Au\u00dferdem trocknet er die Haut nicht aus. Zur Anwendung am K\u00f6rper und im Gesicht.<\/p>\n","protected":false},"excerpt":{"rendered":"<p>Gelsenspray Fullaverde wirkt bis zu 6 Stunden zuverl\u00e4ssig gegen Gelsen, Zecken, Bremsen, Wespen und Fliegen. Der hochwertiger Wirkstoff wird aus den Bl\u00e4ttern des Lemonen-Eukalyptus gewonnen. Der Spray wirkt angenehm k\u00fchlend und zeichnet sich durch einen angenehmen Geruch aus. Au\u00dferdem trocknet er die Haut nicht aus. Zur Anwendung am K\u00f6rper und im Gesicht.<\/p>\n","protected":false},"featured_media":0,"template":"","meta":{"_acf_changed":false},"product_brand":[],"product_cat":[328],"product_tag":[],"class_list":{"0":"post-16178","1":"product","2":"type-product","3":"status-publish","5":"product_cat-g","6":"pa_packungsgroesse-100ml","8":"first","9":"instock","10":"shipping-taxable","11":"purchasable","12":"product-type-simple"},"acf":[],"_links":{"self":[{"href":"https:\/\/www.hirtenberg-apotheke.at\/katalog\/wp-json\/wp\/v2\/product\/16178","targetHints":{"allow":["GET"]}}],"collection":[{"href":"https:\/\/www.hirtenberg-apotheke.at\/katalog\/wp-json\/wp\/v2\/product"}],"about":[{"href":"https:\/\/www.hirtenberg-apotheke.at\/katalog\/wp-json\/wp\/v2\/types\/product"}],"wp:attachment":[{"href":"https:\/\/www.hirtenberg-apotheke.at\/katalog\/wp-json\/wp\/v2\/media?parent=16178"}],"wp:term":[{"taxonomy":"product_brand","embeddable":true,"href":"https:\/\/www.hirtenberg-apotheke.at\/katalog\/wp-json\/wp\/v2\/product_brand?post=16178"},{"taxonomy":"product_cat","embeddable":true,"href":"https:\/\/www.hirtenberg-apotheke.at\/katalog\/wp-json\/wp\/v2\/product_cat?post=16178"},{"taxonomy":"product_tag","embeddable":true,"href":"https:\/\/www.hirtenberg-apotheke.at\/katalog\/wp-json\/wp\/v2\/product_tag?post=16178"}],"curies":[{"name":"wp","href":"https:\/\/api.w.org\/{rel}","templated":true}]}}