{"id":16348,"date":"2025-11-25T17:13:11","date_gmt":"2025-11-25T16:13:11","guid":{"rendered":"https:\/\/www.hirtenberg-apotheke.at\/katalog\/produkt\/culex-anti-zeckenspray-100-ml\/"},"modified":"2025-11-25T17:13:18","modified_gmt":"2025-11-25T16:13:18","slug":"culex-anti-zeckenspray-100-ml","status":"publish","type":"product","link":"https:\/\/www.hirtenberg-apotheke.at\/katalog\/produkt\/culex-anti-zeckenspray-100-ml\/","title":{"rendered":"Culex Anti-Zeckenspray 100 ml"},"content":{"rendered":"<p>Culex Anti-Zeckenspray mit Wirkstoffen auf nat\u00fcrlicher Basis dient zum Auftragen auf die Haut. Das Mittel sch\u00fctzt zuverl\u00e4ssig bis zu 6 Stunden und ist auch f\u00fcr Kinder bestens geeignet.<\/p>\n","protected":false},"excerpt":{"rendered":"<p>Culex Anti-Zeckenspray mit Wirkstoffen auf nat\u00fcrlicher Basis dient zum Auftragen auf die Haut. Das Mittel sch\u00fctzt zuverl\u00e4ssig bis zu 6 Stunden und ist auch f\u00fcr Kinder bestens geeignet.<\/p>\n","protected":false},"featured_media":16350,"template":"","meta":{"_acf_changed":false},"product_brand":[],"product_cat":[337],"product_tag":[],"class_list":{"0":"post-16348","1":"product","2":"type-product","3":"status-publish","4":"has-post-thumbnail","6":"product_cat-c","7":"pa_packungsgroesse-100ml","9":"first","10":"instock","11":"shipping-taxable","12":"purchasable","13":"product-type-simple"},"acf":[],"_links":{"self":[{"href":"https:\/\/www.hirtenberg-apotheke.at\/katalog\/wp-json\/wp\/v2\/product\/16348","targetHints":{"allow":["GET"]}}],"collection":[{"href":"https:\/\/www.hirtenberg-apotheke.at\/katalog\/wp-json\/wp\/v2\/product"}],"about":[{"href":"https:\/\/www.hirtenberg-apotheke.at\/katalog\/wp-json\/wp\/v2\/types\/product"}],"wp:featuredmedia":[{"embeddable":true,"href":"https:\/\/www.hirtenberg-apotheke.at\/katalog\/wp-json\/wp\/v2\/media\/16350"}],"wp:attachment":[{"href":"https:\/\/www.hirtenberg-apotheke.at\/katalog\/wp-json\/wp\/v2\/media?parent=16348"}],"wp:term":[{"taxonomy":"product_brand","embeddable":true,"href":"https:\/\/www.hirtenberg-apotheke.at\/katalog\/wp-json\/wp\/v2\/product_brand?post=16348"},{"taxonomy":"product_cat","embeddable":true,"href":"https:\/\/www.hirtenberg-apotheke.at\/katalog\/wp-json\/wp\/v2\/product_cat?post=16348"},{"taxonomy":"product_tag","embeddable":true,"href":"https:\/\/www.hirtenberg-apotheke.at\/katalog\/wp-json\/wp\/v2\/product_tag?post=16348"}],"curies":[{"name":"wp","href":"https:\/\/api.w.org\/{rel}","templated":true}]}}